{"id":99592,"date":"2025-10-15T12:58:32","date_gmt":"2025-10-15T10:58:32","guid":{"rendered":"https:\/\/autostil.ba\/maloprodaja\/?post_type=product&#038;p=99592"},"modified":"2026-04-08T11:28:39","modified_gmt":"2026-04-08T09:28:39","slug":"podmetac-za-gepek-tipski-skoda-kodiaq-2017-5-sjedista","status":"publish","type":"product","link":"https:\/\/autostil.ba\/maloprodaja\/proizvod\/5571\/podmetac-za-gepek-tipski-skoda-kodiaq-2017-5-sjedista\/","title":{"rendered":"PODMETA\u010c ZA GEPEK TIPSKI \u0160KODA KODIAQ 2017-&gt; (5 SJEDI\u0160TA)"},"content":{"rendered":"","protected":false},"excerpt":{"rendered":"<p>Podmeta\u010d za gepek, izra\u0111en od laganog i fleksibilnog materijala. Prijatnog je mirisa, te otporan na ne\u010disto\u0107e i hemijska sredstva. Rubovi su prilago\u0111eni obliku gepeka.<\/p>\n","protected":false},"featured_media":99593,"comment_status":"open","ping_status":"closed","template":"","meta":{"_acf_changed":false,"inline_featured_image":false},"product_brand":[],"product_cat":[161],"product_tag":[],"class_list":{"0":"post-99592","1":"product","2":"type-product","3":"status-publish","4":"has-post-thumbnail","6":"product_cat-podmetaci-za-gepek-tipski","7":"pa_brend-skoda","9":"first","10":"instock","11":"taxable","12":"shipping-taxable","13":"purchasable","14":"product-type-simple"},"acf":[],"custom_product_id":"5571","_links":{"self":[{"href":"https:\/\/autostil.ba\/maloprodaja\/wp-json\/wp\/v2\/product\/99592","targetHints":{"allow":["GET"]}}],"collection":[{"href":"https:\/\/autostil.ba\/maloprodaja\/wp-json\/wp\/v2\/product"}],"about":[{"href":"https:\/\/autostil.ba\/maloprodaja\/wp-json\/wp\/v2\/types\/product"}],"replies":[{"embeddable":true,"href":"https:\/\/autostil.ba\/maloprodaja\/wp-json\/wp\/v2\/comments?post=99592"}],"version-history":[{"count":1,"href":"https:\/\/autostil.ba\/maloprodaja\/wp-json\/wp\/v2\/product\/99592\/revisions"}],"predecessor-version":[{"id":99594,"href":"https:\/\/autostil.ba\/maloprodaja\/wp-json\/wp\/v2\/product\/99592\/revisions\/99594"}],"wp:featuredmedia":[{"embeddable":true,"href":"https:\/\/autostil.ba\/maloprodaja\/wp-json\/wp\/v2\/media\/99593"}],"wp:attachment":[{"href":"https:\/\/autostil.ba\/maloprodaja\/wp-json\/wp\/v2\/media?parent=99592"}],"wp:term":[{"taxonomy":"product_brand","embeddable":true,"href":"https:\/\/autostil.ba\/maloprodaja\/wp-json\/wp\/v2\/product_brand?post=99592"},{"taxonomy":"product_cat","embeddable":true,"href":"https:\/\/autostil.ba\/maloprodaja\/wp-json\/wp\/v2\/product_cat?post=99592"},{"taxonomy":"product_tag","embeddable":true,"href":"https:\/\/autostil.ba\/maloprodaja\/wp-json\/wp\/v2\/product_tag?post=99592"}],"curies":[{"name":"wp","href":"https:\/\/api.w.org\/{rel}","templated":true}]}}