{"id":98172,"date":"2024-07-18T07:59:30","date_gmt":"2024-07-18T05:59:30","guid":{"rendered":"https:\/\/autostil.ba\/maloprodaja\/?post_type=product&#038;p=98172"},"modified":"2026-04-08T11:27:22","modified_gmt":"2026-04-08T09:27:22","slug":"patosnice-gumene-tipske-vw-t6-1-facelift-2019-2023-sa-fiksatorima-prednji-red","status":"publish","type":"product","link":"https:\/\/autostil.ba\/maloprodaja\/proizvod\/7891\/patosnice-gumene-tipske-vw-t6-1-facelift-2019-2023-sa-fiksatorima-prednji-red\/","title":{"rendered":"PATOSNICE GUMENE TIPSKE VW T6.1 FACELIFT 2019-2023 SA FIKSATORIMA (PREDNJI RED)"},"content":{"rendered":"","protected":false},"excerpt":{"rendered":"<p>Tipske gumene patosnice izra\u0111ene prema odre\u0111enom modelu automobila. Imaju izra\u017eene rubove koji spre\u010davaju izlijevanje vode, omogu\u0107avaju lako odr\u017eavanje, \u010duvaju izgled unutra\u0161njosti, a ne kli\u017eu se. Napravljene su od organskih materijala koji imaju prijatan miris.<\/p>\n","protected":false},"featured_media":98173,"comment_status":"open","ping_status":"closed","template":"","meta":{"_acf_changed":false,"inline_featured_image":false},"product_brand":[],"product_cat":[30],"product_tag":[],"class_list":{"0":"post-98172","1":"product","2":"type-product","3":"status-publish","4":"has-post-thumbnail","6":"product_cat-auto-patosnice-tipske","7":"pa_brend-volkswagen","8":"pa_materijal-gumene","10":"first","11":"instock","12":"taxable","13":"shipping-taxable","14":"purchasable","15":"product-type-simple"},"acf":[],"custom_product_id":"7891","_links":{"self":[{"href":"https:\/\/autostil.ba\/maloprodaja\/wp-json\/wp\/v2\/product\/98172","targetHints":{"allow":["GET"]}}],"collection":[{"href":"https:\/\/autostil.ba\/maloprodaja\/wp-json\/wp\/v2\/product"}],"about":[{"href":"https:\/\/autostil.ba\/maloprodaja\/wp-json\/wp\/v2\/types\/product"}],"replies":[{"embeddable":true,"href":"https:\/\/autostil.ba\/maloprodaja\/wp-json\/wp\/v2\/comments?post=98172"}],"version-history":[{"count":1,"href":"https:\/\/autostil.ba\/maloprodaja\/wp-json\/wp\/v2\/product\/98172\/revisions"}],"predecessor-version":[{"id":98174,"href":"https:\/\/autostil.ba\/maloprodaja\/wp-json\/wp\/v2\/product\/98172\/revisions\/98174"}],"wp:featuredmedia":[{"embeddable":true,"href":"https:\/\/autostil.ba\/maloprodaja\/wp-json\/wp\/v2\/media\/98173"}],"wp:attachment":[{"href":"https:\/\/autostil.ba\/maloprodaja\/wp-json\/wp\/v2\/media?parent=98172"}],"wp:term":[{"taxonomy":"product_brand","embeddable":true,"href":"https:\/\/autostil.ba\/maloprodaja\/wp-json\/wp\/v2\/product_brand?post=98172"},{"taxonomy":"product_cat","embeddable":true,"href":"https:\/\/autostil.ba\/maloprodaja\/wp-json\/wp\/v2\/product_cat?post=98172"},{"taxonomy":"product_tag","embeddable":true,"href":"https:\/\/autostil.ba\/maloprodaja\/wp-json\/wp\/v2\/product_tag?post=98172"}],"curies":[{"name":"wp","href":"https:\/\/api.w.org\/{rel}","templated":true}]}}