{"id":96152,"date":"2026-04-11T12:26:44","date_gmt":"2026-04-11T10:26:44","guid":{"rendered":"https:\/\/autostil.ba\/maloprodaja\/?post_type=product&#038;p=96152"},"modified":"2026-04-13T16:00:31","modified_gmt":"2026-04-13T14:00:31","slug":"podmetac-za-gepek-tipski-opel-astra-j-karavan-2010-2015","status":"publish","type":"product","link":"https:\/\/autostil.ba\/maloprodaja\/proizvod\/12948\/podmetac-za-gepek-tipski-opel-astra-j-karavan-2010-2015\/","title":{"rendered":"PODMETA\u010c ZA GEPEK TIPSKI OPEL ASTRA (J) KARAVAN 2010-2015"},"content":{"rendered":"","protected":false},"excerpt":{"rendered":"<p>Podmeta\u010d za gepek, izra\u0111en od laganog i fleksibilnog materijala. Prijatnog je mirisa, te otporan na ne\u010disto\u0107e i hemijska sredstva. Rubovi su prilago\u0111eni obliku gepeka.<\/p>\n","protected":false},"featured_media":96153,"comment_status":"open","ping_status":"closed","template":"","meta":{"_acf_changed":false,"inline_featured_image":false},"product_brand":[],"product_cat":[161],"product_tag":[],"class_list":{"0":"post-96152","1":"product","2":"type-product","3":"status-publish","4":"has-post-thumbnail","6":"product_cat-podmetaci-za-gepek-tipski","7":"pa_brend-opel","9":"first","10":"instock","11":"taxable","12":"shipping-taxable","13":"purchasable","14":"product-type-simple"},"acf":[],"custom_product_id":"12948","_links":{"self":[{"href":"https:\/\/autostil.ba\/maloprodaja\/wp-json\/wp\/v2\/product\/96152","targetHints":{"allow":["GET"]}}],"collection":[{"href":"https:\/\/autostil.ba\/maloprodaja\/wp-json\/wp\/v2\/product"}],"about":[{"href":"https:\/\/autostil.ba\/maloprodaja\/wp-json\/wp\/v2\/types\/product"}],"replies":[{"embeddable":true,"href":"https:\/\/autostil.ba\/maloprodaja\/wp-json\/wp\/v2\/comments?post=96152"}],"version-history":[{"count":2,"href":"https:\/\/autostil.ba\/maloprodaja\/wp-json\/wp\/v2\/product\/96152\/revisions"}],"predecessor-version":[{"id":793054771,"href":"https:\/\/autostil.ba\/maloprodaja\/wp-json\/wp\/v2\/product\/96152\/revisions\/793054771"}],"wp:featuredmedia":[{"embeddable":true,"href":"https:\/\/autostil.ba\/maloprodaja\/wp-json\/wp\/v2\/media\/96153"}],"wp:attachment":[{"href":"https:\/\/autostil.ba\/maloprodaja\/wp-json\/wp\/v2\/media?parent=96152"}],"wp:term":[{"taxonomy":"product_brand","embeddable":true,"href":"https:\/\/autostil.ba\/maloprodaja\/wp-json\/wp\/v2\/product_brand?post=96152"},{"taxonomy":"product_cat","embeddable":true,"href":"https:\/\/autostil.ba\/maloprodaja\/wp-json\/wp\/v2\/product_cat?post=96152"},{"taxonomy":"product_tag","embeddable":true,"href":"https:\/\/autostil.ba\/maloprodaja\/wp-json\/wp\/v2\/product_tag?post=96152"}],"curies":[{"name":"wp","href":"https:\/\/api.w.org\/{rel}","templated":true}]}}