{"id":95702,"date":"2025-06-06T12:48:21","date_gmt":"2025-06-06T10:48:21","guid":{"rendered":"https:\/\/autostil.ba\/maloprodaja\/?post_type=product&#038;p=95702"},"modified":"2026-04-13T15:59:00","modified_gmt":"2026-04-13T13:59:00","slug":"podmetac-za-gepek-gumeni-tipski-gz-mercedes-s204-c-klasa-karavan-2007-2014-rigum","status":"publish","type":"product","link":"https:\/\/autostil.ba\/maloprodaja\/proizvod\/10901\/podmetac-za-gepek-gumeni-tipski-gz-mercedes-s204-c-klasa-karavan-2007-2014-rigum\/","title":{"rendered":"PODMETA\u010c ZA GEPEK GUMENI TIPSKI GZ-MERCEDES S204 C KLASA KARAVAN 2007-2014 (rigum)"},"content":{"rendered":"","protected":false},"excerpt":{"rendered":"<p>PODMETA\u010c ZA GEPEK GUMENI TIPSKI GZ-MERCEDES S204 C KLASA KARAVAN 2007-2014 (rigum)<br \/>\nPodmeta\u010d za gepek, izra\u0111en od laganog i fleksibilnog materijala, nije podlo\u017ean klizanju. Prijatnog je mirisa, te otporan na ne\u010disto\u0107e i hemijska sredstva. Rubovi su prilago\u0111eni obliku gepeka.<\/p>\n","protected":false},"featured_media":793047105,"comment_status":"open","ping_status":"closed","template":"","meta":{"_acf_changed":false,"inline_featured_image":false},"product_brand":[],"product_cat":[161],"product_tag":[],"class_list":{"0":"post-95702","1":"product","2":"type-product","3":"status-publish","4":"has-post-thumbnail","6":"product_cat-podmetaci-za-gepek-tipski","7":"pa_brend-mercedes","8":"pa_materijal-gumene","10":"first","11":"instock","12":"taxable","13":"shipping-taxable","14":"purchasable","15":"product-type-simple"},"acf":[],"custom_product_id":"10901","_links":{"self":[{"href":"https:\/\/autostil.ba\/maloprodaja\/wp-json\/wp\/v2\/product\/95702","targetHints":{"allow":["GET"]}}],"collection":[{"href":"https:\/\/autostil.ba\/maloprodaja\/wp-json\/wp\/v2\/product"}],"about":[{"href":"https:\/\/autostil.ba\/maloprodaja\/wp-json\/wp\/v2\/types\/product"}],"replies":[{"embeddable":true,"href":"https:\/\/autostil.ba\/maloprodaja\/wp-json\/wp\/v2\/comments?post=95702"}],"version-history":[{"count":2,"href":"https:\/\/autostil.ba\/maloprodaja\/wp-json\/wp\/v2\/product\/95702\/revisions"}],"predecessor-version":[{"id":793047078,"href":"https:\/\/autostil.ba\/maloprodaja\/wp-json\/wp\/v2\/product\/95702\/revisions\/793047078"}],"wp:featuredmedia":[{"embeddable":true,"href":"https:\/\/autostil.ba\/maloprodaja\/wp-json\/wp\/v2\/media\/793047105"}],"wp:attachment":[{"href":"https:\/\/autostil.ba\/maloprodaja\/wp-json\/wp\/v2\/media?parent=95702"}],"wp:term":[{"taxonomy":"product_brand","embeddable":true,"href":"https:\/\/autostil.ba\/maloprodaja\/wp-json\/wp\/v2\/product_brand?post=95702"},{"taxonomy":"product_cat","embeddable":true,"href":"https:\/\/autostil.ba\/maloprodaja\/wp-json\/wp\/v2\/product_cat?post=95702"},{"taxonomy":"product_tag","embeddable":true,"href":"https:\/\/autostil.ba\/maloprodaja\/wp-json\/wp\/v2\/product_tag?post=95702"}],"curies":[{"name":"wp","href":"https:\/\/api.w.org\/{rel}","templated":true}]}}