{"id":95672,"date":"2025-04-04T08:48:19","date_gmt":"2025-04-04T06:48:19","guid":{"rendered":"https:\/\/autostil.ba\/maloprodaja\/?post_type=product&#038;p=95672"},"modified":"2026-04-08T11:25:19","modified_gmt":"2026-04-08T09:25:19","slug":"podmetac-za-gepek-gumeni-tipski-gz-renault-megane-hb-2009-rigum","status":"publish","type":"product","link":"https:\/\/autostil.ba\/maloprodaja\/proizvod\/10914\/podmetac-za-gepek-gumeni-tipski-gz-renault-megane-hb-2009-rigum\/","title":{"rendered":"PODMETA\u010c ZA GEPEK GUMENI TIPSKI GZ-RENAULT MEGANE HB 2009&#8211; (rigum)"},"content":{"rendered":"","protected":false},"excerpt":{"rendered":"<p>PODMETA\u010c ZA GEPEK GUMENI TIPSKI GZ-RENAULT MEGANE HB 2009&#8211; (rigum)<br \/>\nPodmeta\u010d za gepek, izra\u0111en od laganog i fleksibilnog materijala, nije podlo\u017ean klizanju. Prijatnog je mirisa, te otporan na ne\u010disto\u0107e i hemijska sredstva. Rubovi su prilago\u0111eni obliku gepeka.<\/p>\n","protected":false},"featured_media":95673,"comment_status":"open","ping_status":"closed","template":"","meta":{"_acf_changed":false,"inline_featured_image":false},"product_brand":[],"product_cat":[161],"product_tag":[],"class_list":{"0":"post-95672","1":"product","2":"type-product","3":"status-publish","4":"has-post-thumbnail","6":"product_cat-podmetaci-za-gepek-tipski","7":"pa_brend-renault","8":"pa_materijal-gumene","10":"first","11":"instock","12":"taxable","13":"shipping-taxable","14":"purchasable","15":"product-type-simple"},"acf":[],"custom_product_id":"10914","_links":{"self":[{"href":"https:\/\/autostil.ba\/maloprodaja\/wp-json\/wp\/v2\/product\/95672","targetHints":{"allow":["GET"]}}],"collection":[{"href":"https:\/\/autostil.ba\/maloprodaja\/wp-json\/wp\/v2\/product"}],"about":[{"href":"https:\/\/autostil.ba\/maloprodaja\/wp-json\/wp\/v2\/types\/product"}],"replies":[{"embeddable":true,"href":"https:\/\/autostil.ba\/maloprodaja\/wp-json\/wp\/v2\/comments?post=95672"}],"version-history":[{"count":1,"href":"https:\/\/autostil.ba\/maloprodaja\/wp-json\/wp\/v2\/product\/95672\/revisions"}],"predecessor-version":[{"id":95674,"href":"https:\/\/autostil.ba\/maloprodaja\/wp-json\/wp\/v2\/product\/95672\/revisions\/95674"}],"wp:featuredmedia":[{"embeddable":true,"href":"https:\/\/autostil.ba\/maloprodaja\/wp-json\/wp\/v2\/media\/95673"}],"wp:attachment":[{"href":"https:\/\/autostil.ba\/maloprodaja\/wp-json\/wp\/v2\/media?parent=95672"}],"wp:term":[{"taxonomy":"product_brand","embeddable":true,"href":"https:\/\/autostil.ba\/maloprodaja\/wp-json\/wp\/v2\/product_brand?post=95672"},{"taxonomy":"product_cat","embeddable":true,"href":"https:\/\/autostil.ba\/maloprodaja\/wp-json\/wp\/v2\/product_cat?post=95672"},{"taxonomy":"product_tag","embeddable":true,"href":"https:\/\/autostil.ba\/maloprodaja\/wp-json\/wp\/v2\/product_tag?post=95672"}],"curies":[{"name":"wp","href":"https:\/\/api.w.org\/{rel}","templated":true}]}}