{"id":95532,"date":"2025-12-09T15:38:13","date_gmt":"2025-12-09T13:38:13","guid":{"rendered":"https:\/\/autostil.ba\/maloprodaja\/?post_type=product&#038;p=95532"},"modified":"2026-04-08T11:25:08","modified_gmt":"2026-04-08T09:25:08","slug":"auto-patosnice-gumene-tipske-jeep-grand-cherokee-2011-rigum","status":"publish","type":"product","link":"https:\/\/autostil.ba\/maloprodaja\/proizvod\/10864\/auto-patosnice-gumene-tipske-jeep-grand-cherokee-2011-rigum\/","title":{"rendered":"AUTO PATOSNICE GUMENE TIPSKE JEEP GRAND CHEROKEE (WK2) 2011-2022 (Rigum)"},"content":{"rendered":"","protected":false},"excerpt":{"rendered":"<p>Tipske gumene patosnice izra\u0111ene prema odre\u0111enom modelu automobila. Imaju izra\u017eene rubove koji spre\u010davaju izlijevanje vode, omogu\u0107avaju lako odr\u017eavanje, \u010duvaju izgled unutra\u0161njosti, a ne kli\u017eu se. Napravljene su od organskih materijala koji imaju prijatan miris.<\/p>\n","protected":false},"featured_media":793047264,"comment_status":"open","ping_status":"closed","template":"","meta":{"_acf_changed":false,"inline_featured_image":false},"product_brand":[],"product_cat":[30],"product_tag":[],"class_list":{"0":"post-95532","1":"product","2":"type-product","3":"status-publish","4":"has-post-thumbnail","6":"product_cat-auto-patosnice-tipske","7":"pa_brend-jeep","8":"pa_materijal-gumene","10":"first","11":"instock","12":"taxable","13":"shipping-taxable","14":"purchasable","15":"product-type-simple"},"acf":[],"custom_product_id":"10864","_links":{"self":[{"href":"https:\/\/autostil.ba\/maloprodaja\/wp-json\/wp\/v2\/product\/95532","targetHints":{"allow":["GET"]}}],"collection":[{"href":"https:\/\/autostil.ba\/maloprodaja\/wp-json\/wp\/v2\/product"}],"about":[{"href":"https:\/\/autostil.ba\/maloprodaja\/wp-json\/wp\/v2\/types\/product"}],"replies":[{"embeddable":true,"href":"https:\/\/autostil.ba\/maloprodaja\/wp-json\/wp\/v2\/comments?post=95532"}],"version-history":[{"count":2,"href":"https:\/\/autostil.ba\/maloprodaja\/wp-json\/wp\/v2\/product\/95532\/revisions"}],"predecessor-version":[{"id":793055765,"href":"https:\/\/autostil.ba\/maloprodaja\/wp-json\/wp\/v2\/product\/95532\/revisions\/793055765"}],"wp:featuredmedia":[{"embeddable":true,"href":"https:\/\/autostil.ba\/maloprodaja\/wp-json\/wp\/v2\/media\/793047264"}],"wp:attachment":[{"href":"https:\/\/autostil.ba\/maloprodaja\/wp-json\/wp\/v2\/media?parent=95532"}],"wp:term":[{"taxonomy":"product_brand","embeddable":true,"href":"https:\/\/autostil.ba\/maloprodaja\/wp-json\/wp\/v2\/product_brand?post=95532"},{"taxonomy":"product_cat","embeddable":true,"href":"https:\/\/autostil.ba\/maloprodaja\/wp-json\/wp\/v2\/product_cat?post=95532"},{"taxonomy":"product_tag","embeddable":true,"href":"https:\/\/autostil.ba\/maloprodaja\/wp-json\/wp\/v2\/product_tag?post=95532"}],"curies":[{"name":"wp","href":"https:\/\/api.w.org\/{rel}","templated":true}]}}