{"id":95402,"date":"2025-07-23T10:21:07","date_gmt":"2025-07-23T08:21:07","guid":{"rendered":"https:\/\/autostil.ba\/maloprodaja\/?post_type=product&#038;p=95402"},"modified":"2026-04-08T11:25:03","modified_gmt":"2026-04-08T09:25:03","slug":"uredaj-protiv-glodavaca-u-automobilu","status":"publish","type":"product","link":"https:\/\/autostil.ba\/maloprodaja\/proizvod\/6336\/uredaj-protiv-glodavaca-u-automobilu\/","title":{"rendered":"URE\u0110AJ PROTIV GLODAVACA U AUTOMOBILU"},"content":{"rendered":"","protected":false},"excerpt":{"rendered":"<p>URE\u0110AJ PROTIV GLODAVACA U AUTOMOBILU Ure\u0111aj protiv glodavaca u automobilu proizvodi agresivne ultrazvu\u010dne zvukove ja\u010dine 20kHZ koji ljudska bi\u0107a ne \u010duju, dok glodare uznemiruje te ih tjera iz va\u0161eg automobila .<\/p>\n","protected":false},"featured_media":95403,"comment_status":"open","ping_status":"closed","template":"","meta":{"_acf_changed":false,"inline_featured_image":false},"product_brand":[],"product_cat":[93],"product_tag":[],"class_list":{"0":"post-95402","1":"product","2":"type-product","3":"status-publish","4":"has-post-thumbnail","6":"product_cat-dodatna-oprema-enterijera","8":"first","9":"instock","10":"taxable","11":"shipping-taxable","12":"purchasable","13":"product-type-simple"},"acf":[],"custom_product_id":"6336","_links":{"self":[{"href":"https:\/\/autostil.ba\/maloprodaja\/wp-json\/wp\/v2\/product\/95402","targetHints":{"allow":["GET"]}}],"collection":[{"href":"https:\/\/autostil.ba\/maloprodaja\/wp-json\/wp\/v2\/product"}],"about":[{"href":"https:\/\/autostil.ba\/maloprodaja\/wp-json\/wp\/v2\/types\/product"}],"replies":[{"embeddable":true,"href":"https:\/\/autostil.ba\/maloprodaja\/wp-json\/wp\/v2\/comments?post=95402"}],"version-history":[{"count":1,"href":"https:\/\/autostil.ba\/maloprodaja\/wp-json\/wp\/v2\/product\/95402\/revisions"}],"predecessor-version":[{"id":95404,"href":"https:\/\/autostil.ba\/maloprodaja\/wp-json\/wp\/v2\/product\/95402\/revisions\/95404"}],"wp:featuredmedia":[{"embeddable":true,"href":"https:\/\/autostil.ba\/maloprodaja\/wp-json\/wp\/v2\/media\/95403"}],"wp:attachment":[{"href":"https:\/\/autostil.ba\/maloprodaja\/wp-json\/wp\/v2\/media?parent=95402"}],"wp:term":[{"taxonomy":"product_brand","embeddable":true,"href":"https:\/\/autostil.ba\/maloprodaja\/wp-json\/wp\/v2\/product_brand?post=95402"},{"taxonomy":"product_cat","embeddable":true,"href":"https:\/\/autostil.ba\/maloprodaja\/wp-json\/wp\/v2\/product_cat?post=95402"},{"taxonomy":"product_tag","embeddable":true,"href":"https:\/\/autostil.ba\/maloprodaja\/wp-json\/wp\/v2\/product_tag?post=95402"}],"curies":[{"name":"wp","href":"https:\/\/api.w.org\/{rel}","templated":true}]}}