{"id":95292,"date":"2024-07-18T07:57:03","date_gmt":"2024-07-18T07:57:03","guid":{"rendered":"https:\/\/autostil.ba\/maloprodaja\/?post_type=product&#038;p=95292"},"modified":"2026-04-08T11:24:58","modified_gmt":"2026-04-08T09:24:58","slug":"kopca-drzaca-tablice-kockica","status":"publish","type":"product","link":"https:\/\/autostil.ba\/maloprodaja\/proizvod\/7140\/kopca-drzaca-tablice-kockica\/","title":{"rendered":"KOP\u010cA DR\u017dA\u010cA TABLICE KOCKICA"},"content":{"rendered":"","protected":false},"excerpt":{"rendered":"<p>KOP\u010cA DR\u017dA\u010cA TABLICE<\/p>\n","protected":false},"featured_media":95293,"comment_status":"open","ping_status":"closed","template":"","meta":{"_acf_changed":false,"inline_featured_image":false},"product_brand":[],"product_cat":[24],"product_tag":[],"class_list":{"0":"post-95292","1":"product","2":"type-product","3":"status-publish","4":"has-post-thumbnail","6":"product_cat-kopce-vijci-cepovi","8":"first","9":"instock","10":"taxable","11":"shipping-taxable","12":"purchasable","13":"product-type-simple"},"acf":[],"custom_product_id":"7140","_links":{"self":[{"href":"https:\/\/autostil.ba\/maloprodaja\/wp-json\/wp\/v2\/product\/95292","targetHints":{"allow":["GET"]}}],"collection":[{"href":"https:\/\/autostil.ba\/maloprodaja\/wp-json\/wp\/v2\/product"}],"about":[{"href":"https:\/\/autostil.ba\/maloprodaja\/wp-json\/wp\/v2\/types\/product"}],"replies":[{"embeddable":true,"href":"https:\/\/autostil.ba\/maloprodaja\/wp-json\/wp\/v2\/comments?post=95292"}],"version-history":[{"count":1,"href":"https:\/\/autostil.ba\/maloprodaja\/wp-json\/wp\/v2\/product\/95292\/revisions"}],"predecessor-version":[{"id":95294,"href":"https:\/\/autostil.ba\/maloprodaja\/wp-json\/wp\/v2\/product\/95292\/revisions\/95294"}],"wp:featuredmedia":[{"embeddable":true,"href":"https:\/\/autostil.ba\/maloprodaja\/wp-json\/wp\/v2\/media\/95293"}],"wp:attachment":[{"href":"https:\/\/autostil.ba\/maloprodaja\/wp-json\/wp\/v2\/media?parent=95292"}],"wp:term":[{"taxonomy":"product_brand","embeddable":true,"href":"https:\/\/autostil.ba\/maloprodaja\/wp-json\/wp\/v2\/product_brand?post=95292"},{"taxonomy":"product_cat","embeddable":true,"href":"https:\/\/autostil.ba\/maloprodaja\/wp-json\/wp\/v2\/product_cat?post=95292"},{"taxonomy":"product_tag","embeddable":true,"href":"https:\/\/autostil.ba\/maloprodaja\/wp-json\/wp\/v2\/product_tag?post=95292"}],"curies":[{"name":"wp","href":"https:\/\/api.w.org\/{rel}","templated":true}]}}