{"id":93442,"date":"2025-10-24T08:26:35","date_gmt":"2025-10-24T06:26:35","guid":{"rendered":"https:\/\/autostil.ba\/maloprodaja\/?post_type=product&#038;p=93442"},"modified":"2026-04-08T11:23:16","modified_gmt":"2026-04-08T09:23:16","slug":"kanister-plasticni-5l-sa-ulivnom-cijevi","status":"publish","type":"product","link":"https:\/\/autostil.ba\/maloprodaja\/proizvod\/11310\/kanister-plasticni-5l-sa-ulivnom-cijevi\/","title":{"rendered":"KANISTER PLASTI\u010cNI 5L SA ULIVNOM CIJEVI"},"content":{"rendered":"","protected":false},"excerpt":{"rendered":"<p>Plasti\u010dni kanister za prijenos goriva. Zapremina 5 litara, plasti\u010dni \u010dep sa dihtungom + plasti\u010dna cijev za lak\u0161e sipanje u rezervoar. Crvena boja.<\/p>\n","protected":false},"featured_media":93443,"comment_status":"open","ping_status":"closed","template":"","meta":{"_acf_changed":false,"inline_featured_image":false},"product_brand":[],"product_cat":[104],"product_tag":[],"class_list":{"0":"post-93442","1":"product","2":"type-product","3":"status-publish","4":"has-post-thumbnail","6":"product_cat-kanisteri","8":"first","9":"instock","10":"taxable","11":"shipping-taxable","12":"purchasable","13":"product-type-simple"},"acf":[],"custom_product_id":"11310","_links":{"self":[{"href":"https:\/\/autostil.ba\/maloprodaja\/wp-json\/wp\/v2\/product\/93442","targetHints":{"allow":["GET"]}}],"collection":[{"href":"https:\/\/autostil.ba\/maloprodaja\/wp-json\/wp\/v2\/product"}],"about":[{"href":"https:\/\/autostil.ba\/maloprodaja\/wp-json\/wp\/v2\/types\/product"}],"replies":[{"embeddable":true,"href":"https:\/\/autostil.ba\/maloprodaja\/wp-json\/wp\/v2\/comments?post=93442"}],"version-history":[{"count":1,"href":"https:\/\/autostil.ba\/maloprodaja\/wp-json\/wp\/v2\/product\/93442\/revisions"}],"predecessor-version":[{"id":93444,"href":"https:\/\/autostil.ba\/maloprodaja\/wp-json\/wp\/v2\/product\/93442\/revisions\/93444"}],"wp:featuredmedia":[{"embeddable":true,"href":"https:\/\/autostil.ba\/maloprodaja\/wp-json\/wp\/v2\/media\/93443"}],"wp:attachment":[{"href":"https:\/\/autostil.ba\/maloprodaja\/wp-json\/wp\/v2\/media?parent=93442"}],"wp:term":[{"taxonomy":"product_brand","embeddable":true,"href":"https:\/\/autostil.ba\/maloprodaja\/wp-json\/wp\/v2\/product_brand?post=93442"},{"taxonomy":"product_cat","embeddable":true,"href":"https:\/\/autostil.ba\/maloprodaja\/wp-json\/wp\/v2\/product_cat?post=93442"},{"taxonomy":"product_tag","embeddable":true,"href":"https:\/\/autostil.ba\/maloprodaja\/wp-json\/wp\/v2\/product_tag?post=93442"}],"curies":[{"name":"wp","href":"https:\/\/api.w.org\/{rel}","templated":true}]}}