{"id":93432,"date":"2024-12-18T10:03:34","date_gmt":"2024-12-18T08:03:34","guid":{"rendered":"https:\/\/autostil.ba\/maloprodaja\/?post_type=product&#038;p=93432"},"modified":"2026-04-08T11:23:16","modified_gmt":"2026-04-08T09:23:16","slug":"brisac-zadnji-vw-bmw-skoda","status":"publish","type":"product","link":"https:\/\/autostil.ba\/maloprodaja\/proizvod\/6266\/brisac-zadnji-vw-bmw-skoda\/","title":{"rendered":"BRISA\u010c ZADNJI VW, BMW, \u0160KODA"},"content":{"rendered":"","protected":false},"excerpt":{"rendered":"<p>BRISA\u010c ZADNJI VW, BMW, \u0160KODA : BMW X3 od 2010; SEAT ALTEA od 2009; EXEO od 2008; \u0160KODA FABIA HB od 2007; PRAKTIK od 2007; ROOMSTER od 2006; VW GOLF<br \/>\nV HB 2003 do 2009 ; GOLF V SW 2006 do 2009; POLO IV-V 2001 do 2009; TIGUAN od 200; TOUAREG 2002 do 2010.<\/p>\n","protected":false},"featured_media":93433,"comment_status":"open","ping_status":"closed","template":"","meta":{"_acf_changed":false,"inline_featured_image":false},"product_brand":[],"product_cat":[75],"product_tag":[],"class_list":{"0":"post-93432","1":"product","2":"type-product","3":"status-publish","4":"has-post-thumbnail","6":"product_cat-metlice-brisaca-zadnje-tipske","8":"first","9":"instock","10":"taxable","11":"shipping-taxable","12":"purchasable","13":"product-type-simple"},"acf":[],"custom_product_id":"6266","_links":{"self":[{"href":"https:\/\/autostil.ba\/maloprodaja\/wp-json\/wp\/v2\/product\/93432","targetHints":{"allow":["GET"]}}],"collection":[{"href":"https:\/\/autostil.ba\/maloprodaja\/wp-json\/wp\/v2\/product"}],"about":[{"href":"https:\/\/autostil.ba\/maloprodaja\/wp-json\/wp\/v2\/types\/product"}],"replies":[{"embeddable":true,"href":"https:\/\/autostil.ba\/maloprodaja\/wp-json\/wp\/v2\/comments?post=93432"}],"version-history":[{"count":2,"href":"https:\/\/autostil.ba\/maloprodaja\/wp-json\/wp\/v2\/product\/93432\/revisions"}],"predecessor-version":[{"id":793046531,"href":"https:\/\/autostil.ba\/maloprodaja\/wp-json\/wp\/v2\/product\/93432\/revisions\/793046531"}],"wp:featuredmedia":[{"embeddable":true,"href":"https:\/\/autostil.ba\/maloprodaja\/wp-json\/wp\/v2\/media\/93433"}],"wp:attachment":[{"href":"https:\/\/autostil.ba\/maloprodaja\/wp-json\/wp\/v2\/media?parent=93432"}],"wp:term":[{"taxonomy":"product_brand","embeddable":true,"href":"https:\/\/autostil.ba\/maloprodaja\/wp-json\/wp\/v2\/product_brand?post=93432"},{"taxonomy":"product_cat","embeddable":true,"href":"https:\/\/autostil.ba\/maloprodaja\/wp-json\/wp\/v2\/product_cat?post=93432"},{"taxonomy":"product_tag","embeddable":true,"href":"https:\/\/autostil.ba\/maloprodaja\/wp-json\/wp\/v2\/product_tag?post=93432"}],"curies":[{"name":"wp","href":"https:\/\/api.w.org\/{rel}","templated":true}]}}