{"id":93422,"date":"2024-07-18T07:55:34","date_gmt":"2024-07-18T05:55:34","guid":{"rendered":"https:\/\/autostil.ba\/maloprodaja\/?post_type=product&#038;p=93422"},"modified":"2026-04-08T11:23:16","modified_gmt":"2026-04-08T09:23:16","slug":"brisac-zadnji-tipski-skodavw","status":"publish","type":"product","link":"https:\/\/autostil.ba\/maloprodaja\/proizvod\/4364\/brisac-zadnji-tipski-skodavw\/","title":{"rendered":"BRISA\u010c ZADNJI TIPSKI \u0160KODA,VW"},"content":{"rendered":"","protected":false},"excerpt":{"rendered":"<p>BRISA\u010c ZADNJI TIPSKI \u0160KODA,VW;<\/p>\n<p>\u0160KODA: FABIA SW 07-13, OCTAVIA 2 HB\/SW 04-13; VOLKSWAGEN: CADDY 04-15, CARAVELLE T5 03-15, MULTIVAN T5 03-15, TRANSPORTER T5 03-15, TOURAN 03-10<\/p>\n","protected":false},"featured_media":93423,"comment_status":"open","ping_status":"closed","template":"","meta":{"_acf_changed":false,"inline_featured_image":false},"product_brand":[],"product_cat":[75],"product_tag":[],"class_list":{"0":"post-93422","1":"product","2":"type-product","3":"status-publish","4":"has-post-thumbnail","6":"product_cat-metlice-brisaca-zadnje-tipske","8":"first","9":"instock","10":"taxable","11":"shipping-taxable","12":"purchasable","13":"product-type-simple"},"acf":[],"custom_product_id":"4364","_links":{"self":[{"href":"https:\/\/autostil.ba\/maloprodaja\/wp-json\/wp\/v2\/product\/93422","targetHints":{"allow":["GET"]}}],"collection":[{"href":"https:\/\/autostil.ba\/maloprodaja\/wp-json\/wp\/v2\/product"}],"about":[{"href":"https:\/\/autostil.ba\/maloprodaja\/wp-json\/wp\/v2\/types\/product"}],"replies":[{"embeddable":true,"href":"https:\/\/autostil.ba\/maloprodaja\/wp-json\/wp\/v2\/comments?post=93422"}],"version-history":[{"count":2,"href":"https:\/\/autostil.ba\/maloprodaja\/wp-json\/wp\/v2\/product\/93422\/revisions"}],"predecessor-version":[{"id":793050651,"href":"https:\/\/autostil.ba\/maloprodaja\/wp-json\/wp\/v2\/product\/93422\/revisions\/793050651"}],"wp:featuredmedia":[{"embeddable":true,"href":"https:\/\/autostil.ba\/maloprodaja\/wp-json\/wp\/v2\/media\/93423"}],"wp:attachment":[{"href":"https:\/\/autostil.ba\/maloprodaja\/wp-json\/wp\/v2\/media?parent=93422"}],"wp:term":[{"taxonomy":"product_brand","embeddable":true,"href":"https:\/\/autostil.ba\/maloprodaja\/wp-json\/wp\/v2\/product_brand?post=93422"},{"taxonomy":"product_cat","embeddable":true,"href":"https:\/\/autostil.ba\/maloprodaja\/wp-json\/wp\/v2\/product_cat?post=93422"},{"taxonomy":"product_tag","embeddable":true,"href":"https:\/\/autostil.ba\/maloprodaja\/wp-json\/wp\/v2\/product_tag?post=93422"}],"curies":[{"name":"wp","href":"https:\/\/api.w.org\/{rel}","templated":true}]}}