{"id":93392,"date":"2025-10-24T08:22:32","date_gmt":"2025-10-24T06:22:32","guid":{"rendered":"https:\/\/autostil.ba\/maloprodaja\/?post_type=product&#038;p=93392"},"modified":"2026-04-08T11:23:15","modified_gmt":"2026-04-08T09:23:15","slug":"brisac-zadnji-tipski-seat-skoda-vw","status":"publish","type":"product","link":"https:\/\/autostil.ba\/maloprodaja\/proizvod\/4365\/brisac-zadnji-tipski-seat-skoda-vw\/","title":{"rendered":"BRISA\u010c ZADNJI TIPSKI SEAT, \u0160KODA, VW"},"content":{"rendered":"","protected":false},"excerpt":{"rendered":"<p>BRISA\u010c ZADNJI TIPSKI SEAT, \u0160KODA, VW;<\/p>\n<p>SEAT: ALHAMBRA 10-, IBIZA 17-, LEON HB 12-, LEON ST 13-; \u0160KODA: FABIA HB 14-21, KAROQ 17-, KODIAQ 17-, PRAKTIK 13-15, ROOMSTER 13-15; VOLKSWAGEN: GOLF PLUS 09-14, PASSAT SW 14-, PASSAT ALLTRACK 15-, SHARAN 10-, TOURAN 10-15, T-ROCK 17-<\/p>\n","protected":false},"featured_media":93393,"comment_status":"open","ping_status":"closed","template":"","meta":{"_acf_changed":false,"inline_featured_image":false},"product_brand":[],"product_cat":[75],"product_tag":[],"class_list":{"0":"post-93392","1":"product","2":"type-product","3":"status-publish","4":"has-post-thumbnail","6":"product_cat-metlice-brisaca-zadnje-tipske","8":"first","9":"instock","10":"taxable","11":"shipping-taxable","12":"purchasable","13":"product-type-simple"},"acf":[],"custom_product_id":"4365","_links":{"self":[{"href":"https:\/\/autostil.ba\/maloprodaja\/wp-json\/wp\/v2\/product\/93392","targetHints":{"allow":["GET"]}}],"collection":[{"href":"https:\/\/autostil.ba\/maloprodaja\/wp-json\/wp\/v2\/product"}],"about":[{"href":"https:\/\/autostil.ba\/maloprodaja\/wp-json\/wp\/v2\/types\/product"}],"replies":[{"embeddable":true,"href":"https:\/\/autostil.ba\/maloprodaja\/wp-json\/wp\/v2\/comments?post=93392"}],"version-history":[{"count":2,"href":"https:\/\/autostil.ba\/maloprodaja\/wp-json\/wp\/v2\/product\/93392\/revisions"}],"predecessor-version":[{"id":793047798,"href":"https:\/\/autostil.ba\/maloprodaja\/wp-json\/wp\/v2\/product\/93392\/revisions\/793047798"}],"wp:featuredmedia":[{"embeddable":true,"href":"https:\/\/autostil.ba\/maloprodaja\/wp-json\/wp\/v2\/media\/93393"}],"wp:attachment":[{"href":"https:\/\/autostil.ba\/maloprodaja\/wp-json\/wp\/v2\/media?parent=93392"}],"wp:term":[{"taxonomy":"product_brand","embeddable":true,"href":"https:\/\/autostil.ba\/maloprodaja\/wp-json\/wp\/v2\/product_brand?post=93392"},{"taxonomy":"product_cat","embeddable":true,"href":"https:\/\/autostil.ba\/maloprodaja\/wp-json\/wp\/v2\/product_cat?post=93392"},{"taxonomy":"product_tag","embeddable":true,"href":"https:\/\/autostil.ba\/maloprodaja\/wp-json\/wp\/v2\/product_tag?post=93392"}],"curies":[{"name":"wp","href":"https:\/\/api.w.org\/{rel}","templated":true}]}}