{"id":93292,"date":"2025-10-24T08:21:28","date_gmt":"2025-10-24T06:21:28","guid":{"rendered":"https:\/\/autostil.ba\/maloprodaja\/?post_type=product&#038;p=93292"},"modified":"2026-04-08T11:23:10","modified_gmt":"2026-04-08T09:23:10","slug":"brisac-zadnji-audi-skoda-vw","status":"publish","type":"product","link":"https:\/\/autostil.ba\/maloprodaja\/proizvod\/4366\/brisac-zadnji-audi-skoda-vw\/","title":{"rendered":"BRISA\u010c ZADNJI (SEAT, \u0160KODA, VW)"},"content":{"rendered":"","protected":false},"excerpt":{"rendered":"<p>METLICA ZADNJEG BRISA\u010cA.<\/p>\n<p>Odgovara za modele:<\/p>\n<p><strong>SEAT: <\/strong><\/p>\n<p>ATECA 2016-&gt;<\/p>\n<p><strong>\u0160KODA:<\/strong><\/p>\n<p>FABIA 2 HB 2013-2014<\/p>\n<p>YETI 2009-2017<\/p>\n<p><strong>VW:<\/strong><\/p>\n<p>GOLF 6\/7 HB 2009-2019<\/p>\n<p>GOLF 7 SW 2013-2019<\/p>\n<p>GOLF 7 ALLTRACK 2014-&gt;<\/p>\n<p>POLO 5\/6 2009-2017-&gt;<\/p>\n<p>TOURAN 2015-&gt;<\/p>\n","protected":false},"featured_media":93293,"comment_status":"open","ping_status":"closed","template":"","meta":{"_acf_changed":false,"inline_featured_image":false},"product_brand":[],"product_cat":[75],"product_tag":[],"class_list":{"0":"post-93292","1":"product","2":"type-product","3":"status-publish","4":"has-post-thumbnail","6":"product_cat-metlice-brisaca-zadnje-tipske","8":"first","9":"instock","10":"taxable","11":"shipping-taxable","12":"purchasable","13":"product-type-simple"},"acf":[],"custom_product_id":"4366","_links":{"self":[{"href":"https:\/\/autostil.ba\/maloprodaja\/wp-json\/wp\/v2\/product\/93292","targetHints":{"allow":["GET"]}}],"collection":[{"href":"https:\/\/autostil.ba\/maloprodaja\/wp-json\/wp\/v2\/product"}],"about":[{"href":"https:\/\/autostil.ba\/maloprodaja\/wp-json\/wp\/v2\/types\/product"}],"replies":[{"embeddable":true,"href":"https:\/\/autostil.ba\/maloprodaja\/wp-json\/wp\/v2\/comments?post=93292"}],"version-history":[{"count":4,"href":"https:\/\/autostil.ba\/maloprodaja\/wp-json\/wp\/v2\/product\/93292\/revisions"}],"predecessor-version":[{"id":793054943,"href":"https:\/\/autostil.ba\/maloprodaja\/wp-json\/wp\/v2\/product\/93292\/revisions\/793054943"}],"wp:featuredmedia":[{"embeddable":true,"href":"https:\/\/autostil.ba\/maloprodaja\/wp-json\/wp\/v2\/media\/93293"}],"wp:attachment":[{"href":"https:\/\/autostil.ba\/maloprodaja\/wp-json\/wp\/v2\/media?parent=93292"}],"wp:term":[{"taxonomy":"product_brand","embeddable":true,"href":"https:\/\/autostil.ba\/maloprodaja\/wp-json\/wp\/v2\/product_brand?post=93292"},{"taxonomy":"product_cat","embeddable":true,"href":"https:\/\/autostil.ba\/maloprodaja\/wp-json\/wp\/v2\/product_cat?post=93292"},{"taxonomy":"product_tag","embeddable":true,"href":"https:\/\/autostil.ba\/maloprodaja\/wp-json\/wp\/v2\/product_tag?post=93292"}],"curies":[{"name":"wp","href":"https:\/\/api.w.org\/{rel}","templated":true}]}}