{"id":93272,"date":"2024-07-18T07:55:27","date_gmt":"2024-07-18T05:55:27","guid":{"rendered":"https:\/\/autostil.ba\/maloprodaja\/?post_type=product&#038;p=93272"},"modified":"2026-04-08T11:23:05","modified_gmt":"2026-04-08T09:23:05","slug":"felga-aluminijumska-kia-18x7-5-p5436","status":"publish","type":"product","link":"https:\/\/autostil.ba\/maloprodaja\/proizvod\/13160\/felga-aluminijumska-kia-18x7-5-p5436\/","title":{"rendered":"FELGA ALUMINIJUMSKA KIA 18X7.5 P5436"},"content":{"rendered":"","protected":false},"excerpt":{"rendered":"<p>FELGA ALUMINIJUMSKA KIA 18X7.5 P5436: Veli\u010dina felge: 18 inch; \u0160irina felge: 7,5 J; Raspon rupa: 5&#215;114,3; Pre\u010dnik centralne rupe: 73,1 mm; ET: 40<\/p>\n","protected":false},"featured_media":793056426,"comment_status":"open","ping_status":"closed","template":"","meta":{"_acf_changed":false,"inline_featured_image":false},"product_brand":[],"product_cat":[163],"product_tag":[],"class_list":{"0":"post-93272","1":"product","2":"type-product","3":"status-publish","4":"has-post-thumbnail","6":"product_cat-aluminijske-felge","7":"pa_brend-kia","8":"pa_velicina-226","10":"first","11":"instock","12":"taxable","13":"shipping-taxable","14":"purchasable","15":"product-type-simple"},"acf":[],"custom_product_id":"13160","_links":{"self":[{"href":"https:\/\/autostil.ba\/maloprodaja\/wp-json\/wp\/v2\/product\/93272","targetHints":{"allow":["GET"]}}],"collection":[{"href":"https:\/\/autostil.ba\/maloprodaja\/wp-json\/wp\/v2\/product"}],"about":[{"href":"https:\/\/autostil.ba\/maloprodaja\/wp-json\/wp\/v2\/types\/product"}],"replies":[{"embeddable":true,"href":"https:\/\/autostil.ba\/maloprodaja\/wp-json\/wp\/v2\/comments?post=93272"}],"version-history":[{"count":1,"href":"https:\/\/autostil.ba\/maloprodaja\/wp-json\/wp\/v2\/product\/93272\/revisions"}],"predecessor-version":[{"id":93274,"href":"https:\/\/autostil.ba\/maloprodaja\/wp-json\/wp\/v2\/product\/93272\/revisions\/93274"}],"wp:featuredmedia":[{"embeddable":true,"href":"https:\/\/autostil.ba\/maloprodaja\/wp-json\/wp\/v2\/media\/793056426"}],"wp:attachment":[{"href":"https:\/\/autostil.ba\/maloprodaja\/wp-json\/wp\/v2\/media?parent=93272"}],"wp:term":[{"taxonomy":"product_brand","embeddable":true,"href":"https:\/\/autostil.ba\/maloprodaja\/wp-json\/wp\/v2\/product_brand?post=93272"},{"taxonomy":"product_cat","embeddable":true,"href":"https:\/\/autostil.ba\/maloprodaja\/wp-json\/wp\/v2\/product_cat?post=93272"},{"taxonomy":"product_tag","embeddable":true,"href":"https:\/\/autostil.ba\/maloprodaja\/wp-json\/wp\/v2\/product_tag?post=93272"}],"curies":[{"name":"wp","href":"https:\/\/api.w.org\/{rel}","templated":true}]}}