{"id":93222,"date":"2024-07-18T07:55:25","date_gmt":"2024-07-18T05:55:25","guid":{"rendered":"https:\/\/autostil.ba\/maloprodaja\/?post_type=product&#038;p=93222"},"modified":"2026-04-08T11:23:05","modified_gmt":"2026-04-08T09:23:05","slug":"krovni-nosac-menabo-chevrolet-malibu-viii-4p-od-2012-do-2016-aluminijumske-sipke","status":"publish","type":"product","link":"https:\/\/autostil.ba\/maloprodaja\/proizvod\/11620\/krovni-nosac-menabo-chevrolet-malibu-viii-4p-od-2012-do-2016-aluminijumske-sipke\/","title":{"rendered":"KROVNI NOSA\u010c MENABO CHEVROLET MALIBU VIII 4P OD 2012 DO 2016 ALUMINIJUMSKE \u0160IPKE"},"content":{"rendered":"","protected":false},"excerpt":{"rendered":"<p>Proizvo\u0111a\u010d: MENABO &#8211; ITALIJA; Aluminijumske \u0161ipke; Du\u017eina 141cm; Max. nosivost 50 kg po \u0161ipki; TUV certifikat; ISO\/PAS 11154-2006; Sa atraktivnim dizajnom, DELTA modularni sistem je kompaktan, lagan i aerodinami\u010dan, \u0161to dovodi do vrhunskih performansi i najni\u017ee emisije buke. Zahvaljuju\u0107i \u0161irokom spektru bo\u010dnih \u010deljusti, prona\u0107i \u0107ete savr\u0161eno rje\u0161enje za svaki automobil.<\/p>\n","protected":false},"featured_media":93223,"comment_status":"open","ping_status":"closed","template":"","meta":{"_acf_changed":false,"inline_featured_image":false},"product_brand":[],"product_cat":[134],"product_tag":[],"class_list":{"0":"post-93222","1":"product","2":"type-product","3":"status-publish","4":"has-post-thumbnail","6":"product_cat-krovni-nosaci-tipski","7":"pa_brend-chervolet","9":"first","10":"instock","11":"taxable","12":"shipping-taxable","13":"purchasable","14":"product-type-simple"},"acf":[],"custom_product_id":"11620","_links":{"self":[{"href":"https:\/\/autostil.ba\/maloprodaja\/wp-json\/wp\/v2\/product\/93222","targetHints":{"allow":["GET"]}}],"collection":[{"href":"https:\/\/autostil.ba\/maloprodaja\/wp-json\/wp\/v2\/product"}],"about":[{"href":"https:\/\/autostil.ba\/maloprodaja\/wp-json\/wp\/v2\/types\/product"}],"replies":[{"embeddable":true,"href":"https:\/\/autostil.ba\/maloprodaja\/wp-json\/wp\/v2\/comments?post=93222"}],"version-history":[{"count":2,"href":"https:\/\/autostil.ba\/maloprodaja\/wp-json\/wp\/v2\/product\/93222\/revisions"}],"predecessor-version":[{"id":793051053,"href":"https:\/\/autostil.ba\/maloprodaja\/wp-json\/wp\/v2\/product\/93222\/revisions\/793051053"}],"wp:featuredmedia":[{"embeddable":true,"href":"https:\/\/autostil.ba\/maloprodaja\/wp-json\/wp\/v2\/media\/93223"}],"wp:attachment":[{"href":"https:\/\/autostil.ba\/maloprodaja\/wp-json\/wp\/v2\/media?parent=93222"}],"wp:term":[{"taxonomy":"product_brand","embeddable":true,"href":"https:\/\/autostil.ba\/maloprodaja\/wp-json\/wp\/v2\/product_brand?post=93222"},{"taxonomy":"product_cat","embeddable":true,"href":"https:\/\/autostil.ba\/maloprodaja\/wp-json\/wp\/v2\/product_cat?post=93222"},{"taxonomy":"product_tag","embeddable":true,"href":"https:\/\/autostil.ba\/maloprodaja\/wp-json\/wp\/v2\/product_tag?post=93222"}],"curies":[{"name":"wp","href":"https:\/\/api.w.org\/{rel}","templated":true}]}}