{"id":93192,"date":"2024-07-18T07:55:24","date_gmt":"2024-07-18T05:55:24","guid":{"rendered":"https:\/\/autostil.ba\/maloprodaja\/?post_type=product&#038;p=93192"},"modified":"2026-04-08T11:23:05","modified_gmt":"2026-04-08T09:23:05","slug":"krovni-nosac-menabo-skoda-octavia-iii-iv-limuzina-4p-5p-od-2013-do-2019-i-od-2019-alu-sipke","status":"publish","type":"product","link":"https:\/\/autostil.ba\/maloprodaja\/proizvod\/11612\/krovni-nosac-menabo-skoda-octavia-iii-iv-limuzina-4p-5p-od-2013-do-2019-i-od-2019-alu-sipke\/","title":{"rendered":"KROVNI NOSA\u010c MENABO \u0160KODA OCTAVIA III\/IV LIMUZINA 4P\/5P OD 2013 DO 2019 I OD 2019 ALU \u0160IPKE"},"content":{"rendered":"","protected":false},"excerpt":{"rendered":"<p>Proizvo\u0111a\u010d: MENABO &#8211; ITALIJA; Aluminijumske \u0161ipke; Du\u017eina 141cm; Max. nosivost 50 kg po \u0161ipki; TUV certifikat; ISO\/PAS 11154-2006; Sa atraktivnim dizajnom, DELTA modularni sistem je kompaktan, lagan i aerodinami\u010dan, \u0161to dovodi do vrhunskih performansi i najni\u017ee emisije buke. Zahvaljuju\u0107i \u0161irokom spektru bo\u010dnih \u010deljusti, prona\u0107i \u0107ete savr\u0161eno rje\u0161enje za svaki automobil.<\/p>\n","protected":false},"featured_media":93193,"comment_status":"open","ping_status":"closed","template":"","meta":{"_acf_changed":false,"inline_featured_image":false},"product_brand":[],"product_cat":[134],"product_tag":[],"class_list":{"0":"post-93192","1":"product","2":"type-product","3":"status-publish","4":"has-post-thumbnail","6":"product_cat-krovni-nosaci-tipski","7":"pa_brend-skoda","9":"first","10":"instock","11":"taxable","12":"shipping-taxable","13":"purchasable","14":"product-type-simple"},"acf":[],"custom_product_id":"11612","_links":{"self":[{"href":"https:\/\/autostil.ba\/maloprodaja\/wp-json\/wp\/v2\/product\/93192","targetHints":{"allow":["GET"]}}],"collection":[{"href":"https:\/\/autostil.ba\/maloprodaja\/wp-json\/wp\/v2\/product"}],"about":[{"href":"https:\/\/autostil.ba\/maloprodaja\/wp-json\/wp\/v2\/types\/product"}],"replies":[{"embeddable":true,"href":"https:\/\/autostil.ba\/maloprodaja\/wp-json\/wp\/v2\/comments?post=93192"}],"version-history":[{"count":1,"href":"https:\/\/autostil.ba\/maloprodaja\/wp-json\/wp\/v2\/product\/93192\/revisions"}],"predecessor-version":[{"id":93194,"href":"https:\/\/autostil.ba\/maloprodaja\/wp-json\/wp\/v2\/product\/93192\/revisions\/93194"}],"wp:featuredmedia":[{"embeddable":true,"href":"https:\/\/autostil.ba\/maloprodaja\/wp-json\/wp\/v2\/media\/93193"}],"wp:attachment":[{"href":"https:\/\/autostil.ba\/maloprodaja\/wp-json\/wp\/v2\/media?parent=93192"}],"wp:term":[{"taxonomy":"product_brand","embeddable":true,"href":"https:\/\/autostil.ba\/maloprodaja\/wp-json\/wp\/v2\/product_brand?post=93192"},{"taxonomy":"product_cat","embeddable":true,"href":"https:\/\/autostil.ba\/maloprodaja\/wp-json\/wp\/v2\/product_cat?post=93192"},{"taxonomy":"product_tag","embeddable":true,"href":"https:\/\/autostil.ba\/maloprodaja\/wp-json\/wp\/v2\/product_tag?post=93192"}],"curies":[{"name":"wp","href":"https:\/\/api.w.org\/{rel}","templated":true}]}}