{"id":92582,"date":"2024-07-18T07:54:59","date_gmt":"2024-07-18T05:54:59","guid":{"rendered":"https:\/\/autostil.ba\/maloprodaja\/?post_type=product&#038;p=92582"},"modified":"2026-04-08T11:22:48","modified_gmt":"2026-04-08T09:22:48","slug":"krovni-nosac-g3-opel-zafira-tourer-5p-od-2011-aerotwin","status":"publish","type":"product","link":"https:\/\/autostil.ba\/maloprodaja\/proizvod\/10057\/krovni-nosac-g3-opel-zafira-tourer-5p-od-2011-aerotwin\/","title":{"rendered":"KROVNI NOSA\u010c G3 OPEL ZAFIRA (C) TOURER 5P 2011-2019 (AEROTWIN)"},"content":{"rendered":"","protected":false},"excerpt":{"rendered":"<p><strong>AERODINAMI\u010cKE ALUMINIJUMSKE \u0160IPKE<\/strong> :<\/p>\n<p>Aerodinami\u010dki sistem krovnog nosa\u010da osigurava izuzetno tihu vo\u017enju, lagano postavljanje dodatne opreme i maksimalan tovarni prostor.<\/p>\n<p>Du\u017eina: 1270 mm<\/p>\n<p>Maksimalno optere\u0107enje: 50 kg<\/p>\n<p>Materijal: aluminijum<\/p>\n","protected":false},"featured_media":92583,"comment_status":"open","ping_status":"closed","template":"","meta":{"_acf_changed":false,"inline_featured_image":false},"product_brand":[],"product_cat":[134],"product_tag":[],"class_list":{"0":"post-92582","1":"product","2":"type-product","3":"status-publish","4":"has-post-thumbnail","6":"product_cat-krovni-nosaci-tipski","7":"pa_brend-opel","9":"first","10":"instock","11":"taxable","12":"shipping-taxable","13":"purchasable","14":"product-type-simple"},"acf":[],"custom_product_id":"10057","_links":{"self":[{"href":"https:\/\/autostil.ba\/maloprodaja\/wp-json\/wp\/v2\/product\/92582","targetHints":{"allow":["GET"]}}],"collection":[{"href":"https:\/\/autostil.ba\/maloprodaja\/wp-json\/wp\/v2\/product"}],"about":[{"href":"https:\/\/autostil.ba\/maloprodaja\/wp-json\/wp\/v2\/types\/product"}],"replies":[{"embeddable":true,"href":"https:\/\/autostil.ba\/maloprodaja\/wp-json\/wp\/v2\/comments?post=92582"}],"version-history":[{"count":2,"href":"https:\/\/autostil.ba\/maloprodaja\/wp-json\/wp\/v2\/product\/92582\/revisions"}],"predecessor-version":[{"id":793056356,"href":"https:\/\/autostil.ba\/maloprodaja\/wp-json\/wp\/v2\/product\/92582\/revisions\/793056356"}],"wp:featuredmedia":[{"embeddable":true,"href":"https:\/\/autostil.ba\/maloprodaja\/wp-json\/wp\/v2\/media\/92583"}],"wp:attachment":[{"href":"https:\/\/autostil.ba\/maloprodaja\/wp-json\/wp\/v2\/media?parent=92582"}],"wp:term":[{"taxonomy":"product_brand","embeddable":true,"href":"https:\/\/autostil.ba\/maloprodaja\/wp-json\/wp\/v2\/product_brand?post=92582"},{"taxonomy":"product_cat","embeddable":true,"href":"https:\/\/autostil.ba\/maloprodaja\/wp-json\/wp\/v2\/product_cat?post=92582"},{"taxonomy":"product_tag","embeddable":true,"href":"https:\/\/autostil.ba\/maloprodaja\/wp-json\/wp\/v2\/product_tag?post=92582"}],"curies":[{"name":"wp","href":"https:\/\/api.w.org\/{rel}","templated":true}]}}