{"id":92152,"date":"2024-07-18T07:54:40","date_gmt":"2024-07-18T05:54:40","guid":{"rendered":"https:\/\/autostil.ba\/maloprodaja\/?post_type=product&#038;p=92152"},"modified":"2026-04-08T11:22:26","modified_gmt":"2026-04-08T09:22:26","slug":"krovni-nosac-g3-ford-s-max-5-7-sjedista-5p-od-2006-do-2014-aluminijumske-sipke","status":"publish","type":"product","link":"https:\/\/autostil.ba\/maloprodaja\/proizvod\/8648\/krovni-nosac-g3-ford-s-max-5-7-sjedista-5p-od-2006-do-2014-aluminijumske-sipke\/","title":{"rendered":"KROVNI NOSA\u010c G3 FORD S-MAX (5\/7 SJEDI\u0160TA) 5P 2006-2014 (ALUMINIJUMSKE \u0160IPKE) (BEZ PANORAME)"},"content":{"rendered":"","protected":false},"excerpt":{"rendered":"<p>KROVNI NOSA\u010c G3 FORD S MAX 5\/7 SJEDI\u0160TA 5P OD 2006 DO 2014 ALUMINIJUMSKE  \u0160IPKE<\/p>\n","protected":false},"featured_media":92153,"comment_status":"open","ping_status":"closed","template":"","meta":{"_acf_changed":false,"inline_featured_image":false},"product_brand":[],"product_cat":[134],"product_tag":[],"class_list":{"0":"post-92152","1":"product","2":"type-product","3":"status-publish","4":"has-post-thumbnail","6":"product_cat-krovni-nosaci-tipski","7":"pa_brend-ford","9":"first","10":"instock","11":"taxable","12":"shipping-taxable","13":"purchasable","14":"product-type-simple"},"acf":[],"custom_product_id":"8648","_links":{"self":[{"href":"https:\/\/autostil.ba\/maloprodaja\/wp-json\/wp\/v2\/product\/92152","targetHints":{"allow":["GET"]}}],"collection":[{"href":"https:\/\/autostil.ba\/maloprodaja\/wp-json\/wp\/v2\/product"}],"about":[{"href":"https:\/\/autostil.ba\/maloprodaja\/wp-json\/wp\/v2\/types\/product"}],"replies":[{"embeddable":true,"href":"https:\/\/autostil.ba\/maloprodaja\/wp-json\/wp\/v2\/comments?post=92152"}],"version-history":[{"count":2,"href":"https:\/\/autostil.ba\/maloprodaja\/wp-json\/wp\/v2\/product\/92152\/revisions"}],"predecessor-version":[{"id":793056657,"href":"https:\/\/autostil.ba\/maloprodaja\/wp-json\/wp\/v2\/product\/92152\/revisions\/793056657"}],"wp:featuredmedia":[{"embeddable":true,"href":"https:\/\/autostil.ba\/maloprodaja\/wp-json\/wp\/v2\/media\/92153"}],"wp:attachment":[{"href":"https:\/\/autostil.ba\/maloprodaja\/wp-json\/wp\/v2\/media?parent=92152"}],"wp:term":[{"taxonomy":"product_brand","embeddable":true,"href":"https:\/\/autostil.ba\/maloprodaja\/wp-json\/wp\/v2\/product_brand?post=92152"},{"taxonomy":"product_cat","embeddable":true,"href":"https:\/\/autostil.ba\/maloprodaja\/wp-json\/wp\/v2\/product_cat?post=92152"},{"taxonomy":"product_tag","embeddable":true,"href":"https:\/\/autostil.ba\/maloprodaja\/wp-json\/wp\/v2\/product_tag?post=92152"}],"curies":[{"name":"wp","href":"https:\/\/api.w.org\/{rel}","templated":true}]}}