{"id":91752,"date":"2024-07-18T07:54:22","date_gmt":"2024-07-18T07:54:22","guid":{"rendered":"https:\/\/autostil.ba\/maloprodaja\/?post_type=product&#038;p=91752"},"modified":"2026-04-08T11:22:09","modified_gmt":"2026-04-08T09:22:09","slug":"krovni-nosac-g3-volkswagen-amarok-dvostruka-kabina-4p-od-2010-aerotwin","status":"publish","type":"product","link":"https:\/\/autostil.ba\/maloprodaja\/proizvod\/10604\/krovni-nosac-g3-volkswagen-amarok-dvostruka-kabina-4p-od-2010-aerotwin\/","title":{"rendered":"KROVNI NOSA\u010c G3 VOLKSWAGEN AMAROK (DVOSTRUKA KABINA) 4P OD 2010 AEROTWIN"},"content":{"rendered":"","protected":false},"excerpt":{"rendered":"<p>KROVNI NOSA\u010c G3 VOLKSWAGEN AMAROK (DVOSTRUKA KABINA) 4P OD 2010 AERODINAMI\u010cKE ALUMINIJUMSKE \u0160IPKE<\/p>\n","protected":false},"featured_media":91753,"comment_status":"open","ping_status":"closed","template":"","meta":{"_acf_changed":false,"inline_featured_image":false},"product_brand":[],"product_cat":[134],"product_tag":[],"class_list":{"0":"post-91752","1":"product","2":"type-product","3":"status-publish","4":"has-post-thumbnail","6":"product_cat-krovni-nosaci-tipski","7":"pa_brend-volkswagen","9":"first","10":"instock","11":"taxable","12":"shipping-taxable","13":"purchasable","14":"product-type-simple"},"acf":[],"custom_product_id":"10604","_links":{"self":[{"href":"https:\/\/autostil.ba\/maloprodaja\/wp-json\/wp\/v2\/product\/91752","targetHints":{"allow":["GET"]}}],"collection":[{"href":"https:\/\/autostil.ba\/maloprodaja\/wp-json\/wp\/v2\/product"}],"about":[{"href":"https:\/\/autostil.ba\/maloprodaja\/wp-json\/wp\/v2\/types\/product"}],"replies":[{"embeddable":true,"href":"https:\/\/autostil.ba\/maloprodaja\/wp-json\/wp\/v2\/comments?post=91752"}],"version-history":[{"count":1,"href":"https:\/\/autostil.ba\/maloprodaja\/wp-json\/wp\/v2\/product\/91752\/revisions"}],"predecessor-version":[{"id":91754,"href":"https:\/\/autostil.ba\/maloprodaja\/wp-json\/wp\/v2\/product\/91752\/revisions\/91754"}],"wp:featuredmedia":[{"embeddable":true,"href":"https:\/\/autostil.ba\/maloprodaja\/wp-json\/wp\/v2\/media\/91753"}],"wp:attachment":[{"href":"https:\/\/autostil.ba\/maloprodaja\/wp-json\/wp\/v2\/media?parent=91752"}],"wp:term":[{"taxonomy":"product_brand","embeddable":true,"href":"https:\/\/autostil.ba\/maloprodaja\/wp-json\/wp\/v2\/product_brand?post=91752"},{"taxonomy":"product_cat","embeddable":true,"href":"https:\/\/autostil.ba\/maloprodaja\/wp-json\/wp\/v2\/product_cat?post=91752"},{"taxonomy":"product_tag","embeddable":true,"href":"https:\/\/autostil.ba\/maloprodaja\/wp-json\/wp\/v2\/product_tag?post=91752"}],"curies":[{"name":"wp","href":"https:\/\/api.w.org\/{rel}","templated":true}]}}