{"id":90412,"date":"2024-07-18T07:53:23","date_gmt":"2024-07-18T05:53:23","guid":{"rendered":"https:\/\/autostil.ba\/maloprodaja\/?post_type=product&#038;p=90412"},"modified":"2026-04-08T11:20:50","modified_gmt":"2026-04-08T09:20:50","slug":"krovni-nosac-g3-volvo-v50-5p-od-2004-do-2012-aerotwin","status":"publish","type":"product","link":"https:\/\/autostil.ba\/maloprodaja\/proizvod\/10598\/krovni-nosac-g3-volvo-v50-5p-od-2004-do-2012-aerotwin\/","title":{"rendered":"KROVNI NOSA\u010c G3 VOLVO V50 5P OD 2004 DO 2012 AEROTWIN"},"content":{"rendered":"","protected":false},"excerpt":{"rendered":"<p>KROVNI NOSA\u010c G3 VOLVO V50 5P OD 2004 DO 2012 AERODINAMI\u010cKE ALUMINIJUMSKE \u0160IPKE<\/p>\n","protected":false},"featured_media":90413,"comment_status":"open","ping_status":"closed","template":"","meta":{"_acf_changed":false,"inline_featured_image":false},"product_brand":[],"product_cat":[134],"product_tag":[],"class_list":{"0":"post-90412","1":"product","2":"type-product","3":"status-publish","4":"has-post-thumbnail","6":"product_cat-krovni-nosaci-tipski","7":"pa_brend-volvo","9":"first","10":"instock","11":"taxable","12":"shipping-taxable","13":"purchasable","14":"product-type-simple"},"acf":[],"custom_product_id":"10598","_links":{"self":[{"href":"https:\/\/autostil.ba\/maloprodaja\/wp-json\/wp\/v2\/product\/90412","targetHints":{"allow":["GET"]}}],"collection":[{"href":"https:\/\/autostil.ba\/maloprodaja\/wp-json\/wp\/v2\/product"}],"about":[{"href":"https:\/\/autostil.ba\/maloprodaja\/wp-json\/wp\/v2\/types\/product"}],"replies":[{"embeddable":true,"href":"https:\/\/autostil.ba\/maloprodaja\/wp-json\/wp\/v2\/comments?post=90412"}],"version-history":[{"count":1,"href":"https:\/\/autostil.ba\/maloprodaja\/wp-json\/wp\/v2\/product\/90412\/revisions"}],"predecessor-version":[{"id":90414,"href":"https:\/\/autostil.ba\/maloprodaja\/wp-json\/wp\/v2\/product\/90412\/revisions\/90414"}],"wp:featuredmedia":[{"embeddable":true,"href":"https:\/\/autostil.ba\/maloprodaja\/wp-json\/wp\/v2\/media\/90413"}],"wp:attachment":[{"href":"https:\/\/autostil.ba\/maloprodaja\/wp-json\/wp\/v2\/media?parent=90412"}],"wp:term":[{"taxonomy":"product_brand","embeddable":true,"href":"https:\/\/autostil.ba\/maloprodaja\/wp-json\/wp\/v2\/product_brand?post=90412"},{"taxonomy":"product_cat","embeddable":true,"href":"https:\/\/autostil.ba\/maloprodaja\/wp-json\/wp\/v2\/product_cat?post=90412"},{"taxonomy":"product_tag","embeddable":true,"href":"https:\/\/autostil.ba\/maloprodaja\/wp-json\/wp\/v2\/product_tag?post=90412"}],"curies":[{"name":"wp","href":"https:\/\/api.w.org\/{rel}","templated":true}]}}