{"id":88612,"date":"2024-10-25T09:29:06","date_gmt":"2024-10-25T07:29:06","guid":{"rendered":"https:\/\/autostil.ba\/maloprodaja\/?post_type=product&#038;p=88612"},"modified":"2026-04-08T11:19:10","modified_gmt":"2026-04-08T09:19:10","slug":"krovni-nosac-g3-skoda-octavia-ii-limuzina-5p-od-2004-do-2013-aerotwin","status":"publish","type":"product","link":"https:\/\/autostil.ba\/maloprodaja\/proizvod\/10083\/krovni-nosac-g3-skoda-octavia-ii-limuzina-5p-od-2004-do-2013-aerotwin\/","title":{"rendered":"KROVNI NOSA\u010c G3 \u0160KODA OCTAVIA II LIMUZINA 5P OD 2004 DO 2013 AEROTWIN"},"content":{"rendered":"","protected":false},"excerpt":{"rendered":"<p>KROVNI NOSA\u010c G3 \u0160KODA OCTAVIA II LIMUZINA 5P OD 2004 DO 2013 AERODINAMI\u010cKE ALUMINIJUMSKE \u0160IPKE: Aerodinami\u010dki sistem krovnog nosa\u010da osigurava izuzetno tihu vo\u017enju, lagano postavljanje dodatne opreme i maksimalan tovarni prostor. Du\u017eina 1270 mm; Maksimalno optere\u0107enje 50 kg; Materijal aluminijum<\/p>\n","protected":false},"featured_media":88613,"comment_status":"open","ping_status":"closed","template":"","meta":{"_acf_changed":false,"inline_featured_image":false},"product_brand":[],"product_cat":[134],"product_tag":[],"class_list":{"0":"post-88612","1":"product","2":"type-product","3":"status-publish","4":"has-post-thumbnail","6":"product_cat-krovni-nosaci-tipski","7":"pa_brend-skoda","9":"first","10":"instock","11":"taxable","12":"shipping-taxable","13":"purchasable","14":"product-type-simple"},"acf":[],"custom_product_id":"10083","_links":{"self":[{"href":"https:\/\/autostil.ba\/maloprodaja\/wp-json\/wp\/v2\/product\/88612","targetHints":{"allow":["GET"]}}],"collection":[{"href":"https:\/\/autostil.ba\/maloprodaja\/wp-json\/wp\/v2\/product"}],"about":[{"href":"https:\/\/autostil.ba\/maloprodaja\/wp-json\/wp\/v2\/types\/product"}],"replies":[{"embeddable":true,"href":"https:\/\/autostil.ba\/maloprodaja\/wp-json\/wp\/v2\/comments?post=88612"}],"version-history":[{"count":1,"href":"https:\/\/autostil.ba\/maloprodaja\/wp-json\/wp\/v2\/product\/88612\/revisions"}],"predecessor-version":[{"id":88614,"href":"https:\/\/autostil.ba\/maloprodaja\/wp-json\/wp\/v2\/product\/88612\/revisions\/88614"}],"wp:featuredmedia":[{"embeddable":true,"href":"https:\/\/autostil.ba\/maloprodaja\/wp-json\/wp\/v2\/media\/88613"}],"wp:attachment":[{"href":"https:\/\/autostil.ba\/maloprodaja\/wp-json\/wp\/v2\/media?parent=88612"}],"wp:term":[{"taxonomy":"product_brand","embeddable":true,"href":"https:\/\/autostil.ba\/maloprodaja\/wp-json\/wp\/v2\/product_brand?post=88612"},{"taxonomy":"product_cat","embeddable":true,"href":"https:\/\/autostil.ba\/maloprodaja\/wp-json\/wp\/v2\/product_cat?post=88612"},{"taxonomy":"product_tag","embeddable":true,"href":"https:\/\/autostil.ba\/maloprodaja\/wp-json\/wp\/v2\/product_tag?post=88612"}],"curies":[{"name":"wp","href":"https:\/\/api.w.org\/{rel}","templated":true}]}}