{"id":88092,"date":"2024-07-18T07:51:44","date_gmt":"2024-07-18T05:51:44","guid":{"rendered":"https:\/\/autostil.ba\/maloprodaja\/?post_type=product&#038;p=88092"},"modified":"2026-04-08T11:18:43","modified_gmt":"2026-04-08T09:18:43","slug":"krovni-nosac-g3-peugeot-partner-tepee-rails-5p-do-2008-od-2008-do-2015-i-od-2015-alu-sipke","status":"publish","type":"product","link":"https:\/\/autostil.ba\/maloprodaja\/proizvod\/9656\/krovni-nosac-g3-peugeot-partner-tepee-rails-5p-do-2008-od-2008-do-2015-i-od-2015-alu-sipke\/","title":{"rendered":"KROVNI NOSA\u010c G3 PEUGEOT PARTNER TEPEE RAILS 5P DO 2008, OD 2008 DO 2015 I OD 2015 ALU \u0160IPKE"},"content":{"rendered":"","protected":false},"excerpt":{"rendered":"<p>KROVNI NOSA\u010c G3 PEUGEOT PARTNER TEPEE RAILS 5P DO 2008, OD 2008 DO 2015 I OD 2015 ALUMINIJUMSKE \u0160IPKE<\/p>\n","protected":false},"featured_media":88093,"comment_status":"open","ping_status":"closed","template":"","meta":{"_acf_changed":false,"inline_featured_image":false},"product_brand":[],"product_cat":[134],"product_tag":[],"class_list":{"0":"post-88092","1":"product","2":"type-product","3":"status-publish","4":"has-post-thumbnail","6":"product_cat-krovni-nosaci-tipski","7":"pa_brend-peugeot","9":"first","10":"instock","11":"taxable","12":"shipping-taxable","13":"purchasable","14":"product-type-simple"},"acf":[],"custom_product_id":"9656","_links":{"self":[{"href":"https:\/\/autostil.ba\/maloprodaja\/wp-json\/wp\/v2\/product\/88092","targetHints":{"allow":["GET"]}}],"collection":[{"href":"https:\/\/autostil.ba\/maloprodaja\/wp-json\/wp\/v2\/product"}],"about":[{"href":"https:\/\/autostil.ba\/maloprodaja\/wp-json\/wp\/v2\/types\/product"}],"replies":[{"embeddable":true,"href":"https:\/\/autostil.ba\/maloprodaja\/wp-json\/wp\/v2\/comments?post=88092"}],"version-history":[{"count":1,"href":"https:\/\/autostil.ba\/maloprodaja\/wp-json\/wp\/v2\/product\/88092\/revisions"}],"predecessor-version":[{"id":88094,"href":"https:\/\/autostil.ba\/maloprodaja\/wp-json\/wp\/v2\/product\/88092\/revisions\/88094"}],"wp:featuredmedia":[{"embeddable":true,"href":"https:\/\/autostil.ba\/maloprodaja\/wp-json\/wp\/v2\/media\/88093"}],"wp:attachment":[{"href":"https:\/\/autostil.ba\/maloprodaja\/wp-json\/wp\/v2\/media?parent=88092"}],"wp:term":[{"taxonomy":"product_brand","embeddable":true,"href":"https:\/\/autostil.ba\/maloprodaja\/wp-json\/wp\/v2\/product_brand?post=88092"},{"taxonomy":"product_cat","embeddable":true,"href":"https:\/\/autostil.ba\/maloprodaja\/wp-json\/wp\/v2\/product_cat?post=88092"},{"taxonomy":"product_tag","embeddable":true,"href":"https:\/\/autostil.ba\/maloprodaja\/wp-json\/wp\/v2\/product_tag?post=88092"}],"curies":[{"name":"wp","href":"https:\/\/api.w.org\/{rel}","templated":true}]}}