{"id":87482,"date":"2024-07-18T07:51:17","date_gmt":"2024-07-18T05:51:17","guid":{"rendered":"https:\/\/autostil.ba\/maloprodaja\/?post_type=product&#038;p=87482"},"modified":"2026-04-08T11:18:10","modified_gmt":"2026-04-08T09:18:10","slug":"krovni-nosac-g3-hyundai-i40-karavan-5p-integrisani-rejlovi-2011-2019-aluminijumske-sipke","status":"publish","type":"product","link":"https:\/\/autostil.ba\/maloprodaja\/proizvod\/13257\/krovni-nosac-g3-hyundai-i40-karavan-5p-integrisani-rejlovi-2011-2019-aluminijumske-sipke\/","title":{"rendered":"KROVNI NOSA\u010c G3 HYUNDAI I40 KARAVAN 5P (INTEGRISANI REJLOVI) 2011-2019 ALUMINIJUMSKE \u0160IPKE"},"content":{"rendered":"","protected":false},"excerpt":{"rendered":"<p>Du\u017eina \u0161ipki: 1270mm; Materijal: Aluminijum; Max. optere\u0107enje: 50kg. Boja: Siva; Proizvo\u0111a\u010d: G3-Italija.<\/p>\n","protected":false},"featured_media":87483,"comment_status":"open","ping_status":"closed","template":"","meta":{"_acf_changed":false,"inline_featured_image":false},"product_brand":[],"product_cat":[134],"product_tag":[],"class_list":{"0":"post-87482","1":"product","2":"type-product","3":"status-publish","4":"has-post-thumbnail","6":"product_cat-krovni-nosaci-tipski","7":"pa_brend-hyundai","9":"first","10":"instock","11":"taxable","12":"shipping-taxable","13":"purchasable","14":"product-type-simple"},"acf":[],"custom_product_id":"13257","_links":{"self":[{"href":"https:\/\/autostil.ba\/maloprodaja\/wp-json\/wp\/v2\/product\/87482","targetHints":{"allow":["GET"]}}],"collection":[{"href":"https:\/\/autostil.ba\/maloprodaja\/wp-json\/wp\/v2\/product"}],"about":[{"href":"https:\/\/autostil.ba\/maloprodaja\/wp-json\/wp\/v2\/types\/product"}],"replies":[{"embeddable":true,"href":"https:\/\/autostil.ba\/maloprodaja\/wp-json\/wp\/v2\/comments?post=87482"}],"version-history":[{"count":1,"href":"https:\/\/autostil.ba\/maloprodaja\/wp-json\/wp\/v2\/product\/87482\/revisions"}],"predecessor-version":[{"id":87484,"href":"https:\/\/autostil.ba\/maloprodaja\/wp-json\/wp\/v2\/product\/87482\/revisions\/87484"}],"wp:featuredmedia":[{"embeddable":true,"href":"https:\/\/autostil.ba\/maloprodaja\/wp-json\/wp\/v2\/media\/87483"}],"wp:attachment":[{"href":"https:\/\/autostil.ba\/maloprodaja\/wp-json\/wp\/v2\/media?parent=87482"}],"wp:term":[{"taxonomy":"product_brand","embeddable":true,"href":"https:\/\/autostil.ba\/maloprodaja\/wp-json\/wp\/v2\/product_brand?post=87482"},{"taxonomy":"product_cat","embeddable":true,"href":"https:\/\/autostil.ba\/maloprodaja\/wp-json\/wp\/v2\/product_cat?post=87482"},{"taxonomy":"product_tag","embeddable":true,"href":"https:\/\/autostil.ba\/maloprodaja\/wp-json\/wp\/v2\/product_tag?post=87482"}],"curies":[{"name":"wp","href":"https:\/\/api.w.org\/{rel}","templated":true}]}}