{"id":87372,"date":"2024-07-18T07:51:13","date_gmt":"2024-07-18T05:51:13","guid":{"rendered":"https:\/\/autostil.ba\/maloprodaja\/?post_type=product&#038;p=87372"},"modified":"2026-04-08T11:18:04","modified_gmt":"2026-04-08T09:18:04","slug":"krovni-nosac-g3-hyundai-elantra-4p-od-2016-metalne-sipke","status":"publish","type":"product","link":"https:\/\/autostil.ba\/maloprodaja\/proizvod\/11445\/krovni-nosac-g3-hyundai-elantra-4p-od-2016-metalne-sipke\/","title":{"rendered":"KROVNI NOSA\u010c G3 HYUNDAI ELANTRA 4P OD 2016 METALNE \u0160IPKE"},"content":{"rendered":"","protected":false},"excerpt":{"rendered":"<p>KROVNI NOSA\u010c G3 HYUNDAI ELANTRA 4P OD 2016 METALNE \u0160IPKE<\/p>\n","protected":false},"featured_media":87373,"comment_status":"open","ping_status":"closed","template":"","meta":{"_acf_changed":false,"inline_featured_image":false},"product_brand":[],"product_cat":[134],"product_tag":[],"class_list":{"0":"post-87372","1":"product","2":"type-product","3":"status-publish","4":"has-post-thumbnail","6":"product_cat-krovni-nosaci-tipski","7":"pa_brend-hyundai","9":"first","10":"instock","11":"taxable","12":"shipping-taxable","13":"purchasable","14":"product-type-simple"},"acf":[],"custom_product_id":"11445","_links":{"self":[{"href":"https:\/\/autostil.ba\/maloprodaja\/wp-json\/wp\/v2\/product\/87372","targetHints":{"allow":["GET"]}}],"collection":[{"href":"https:\/\/autostil.ba\/maloprodaja\/wp-json\/wp\/v2\/product"}],"about":[{"href":"https:\/\/autostil.ba\/maloprodaja\/wp-json\/wp\/v2\/types\/product"}],"replies":[{"embeddable":true,"href":"https:\/\/autostil.ba\/maloprodaja\/wp-json\/wp\/v2\/comments?post=87372"}],"version-history":[{"count":1,"href":"https:\/\/autostil.ba\/maloprodaja\/wp-json\/wp\/v2\/product\/87372\/revisions"}],"predecessor-version":[{"id":87374,"href":"https:\/\/autostil.ba\/maloprodaja\/wp-json\/wp\/v2\/product\/87372\/revisions\/87374"}],"wp:featuredmedia":[{"embeddable":true,"href":"https:\/\/autostil.ba\/maloprodaja\/wp-json\/wp\/v2\/media\/87373"}],"wp:attachment":[{"href":"https:\/\/autostil.ba\/maloprodaja\/wp-json\/wp\/v2\/media?parent=87372"}],"wp:term":[{"taxonomy":"product_brand","embeddable":true,"href":"https:\/\/autostil.ba\/maloprodaja\/wp-json\/wp\/v2\/product_brand?post=87372"},{"taxonomy":"product_cat","embeddable":true,"href":"https:\/\/autostil.ba\/maloprodaja\/wp-json\/wp\/v2\/product_cat?post=87372"},{"taxonomy":"product_tag","embeddable":true,"href":"https:\/\/autostil.ba\/maloprodaja\/wp-json\/wp\/v2\/product_tag?post=87372"}],"curies":[{"name":"wp","href":"https:\/\/api.w.org\/{rel}","templated":true}]}}