{"id":86502,"date":"2024-07-18T07:50:38","date_gmt":"2024-07-18T07:50:38","guid":{"rendered":"https:\/\/autostil.ba\/maloprodaja\/?post_type=product&#038;p=86502"},"modified":"2026-04-08T11:17:16","modified_gmt":"2026-04-08T09:17:16","slug":"krovni-nosac-g3-opel-combo-life-rails-5p-2018-2022-aerotwin","status":"publish","type":"product","link":"https:\/\/autostil.ba\/maloprodaja\/proizvod\/10440\/krovni-nosac-g3-opel-combo-life-rails-5p-2018-2022-aerotwin\/","title":{"rendered":"KROVNI NOSA\u010c G3 OPEL COMBO LIFE RAILS 5P 2018-2022 AEROTWIN"},"content":{"rendered":"","protected":false},"excerpt":{"rendered":"<p>AERODINAMI\u010cKE ALUMINIJUMSKE \u0160IPKE; Du\u017eina \u0161ipki: 1270mm; Materijal: Aluminijum; Max. optere\u0107enje: 75kg. Boja: Siva; Proizvo\u0111a\u010d: G3-Italija.<\/p>\n","protected":false},"featured_media":86503,"comment_status":"open","ping_status":"closed","template":"","meta":{"_acf_changed":false,"inline_featured_image":false},"product_brand":[],"product_cat":[134],"product_tag":[],"class_list":{"0":"post-86502","1":"product","2":"type-product","3":"status-publish","4":"has-post-thumbnail","6":"product_cat-krovni-nosaci-tipski","7":"pa_brend-opel","9":"first","10":"instock","11":"taxable","12":"shipping-taxable","13":"purchasable","14":"product-type-simple"},"acf":[],"custom_product_id":"10440","_links":{"self":[{"href":"https:\/\/autostil.ba\/maloprodaja\/wp-json\/wp\/v2\/product\/86502","targetHints":{"allow":["GET"]}}],"collection":[{"href":"https:\/\/autostil.ba\/maloprodaja\/wp-json\/wp\/v2\/product"}],"about":[{"href":"https:\/\/autostil.ba\/maloprodaja\/wp-json\/wp\/v2\/types\/product"}],"replies":[{"embeddable":true,"href":"https:\/\/autostil.ba\/maloprodaja\/wp-json\/wp\/v2\/comments?post=86502"}],"version-history":[{"count":1,"href":"https:\/\/autostil.ba\/maloprodaja\/wp-json\/wp\/v2\/product\/86502\/revisions"}],"predecessor-version":[{"id":86504,"href":"https:\/\/autostil.ba\/maloprodaja\/wp-json\/wp\/v2\/product\/86502\/revisions\/86504"}],"wp:featuredmedia":[{"embeddable":true,"href":"https:\/\/autostil.ba\/maloprodaja\/wp-json\/wp\/v2\/media\/86503"}],"wp:attachment":[{"href":"https:\/\/autostil.ba\/maloprodaja\/wp-json\/wp\/v2\/media?parent=86502"}],"wp:term":[{"taxonomy":"product_brand","embeddable":true,"href":"https:\/\/autostil.ba\/maloprodaja\/wp-json\/wp\/v2\/product_brand?post=86502"},{"taxonomy":"product_cat","embeddable":true,"href":"https:\/\/autostil.ba\/maloprodaja\/wp-json\/wp\/v2\/product_cat?post=86502"},{"taxonomy":"product_tag","embeddable":true,"href":"https:\/\/autostil.ba\/maloprodaja\/wp-json\/wp\/v2\/product_tag?post=86502"}],"curies":[{"name":"wp","href":"https:\/\/api.w.org\/{rel}","templated":true}]}}