{"id":85952,"date":"2024-07-18T07:50:17","date_gmt":"2024-07-18T05:50:17","guid":{"rendered":"https:\/\/autostil.ba\/maloprodaja\/?post_type=product&#038;p=85952"},"modified":"2026-04-08T11:16:49","modified_gmt":"2026-04-08T09:16:49","slug":"krovni-nosac-g3-peugeot-408-5p-2022-aluminijumske-sipke","status":"publish","type":"product","link":"https:\/\/autostil.ba\/maloprodaja\/proizvod\/12515\/krovni-nosac-g3-peugeot-408-5p-2022-aluminijumske-sipke\/","title":{"rendered":"KROVNI NOSA\u010c G3 PEUGEOT 408 5P 2022-&gt; ALUMINIJUMSKE \u0160IPKE"},"content":{"rendered":"","protected":false},"excerpt":{"rendered":"<p>KROVNI NOSA\u010c G3 PEUGEOT 408 5P 2022-&gt; ALUMINIJUMSKE \u0160IPKE;  <\/p>\n<p>Du\u017eina \u0161ipke: 1270mm, Materijal: Aluminijum, Max. ukupno optere\u0107enje: 50kg: Sa sigurnosnom bravicom.<\/p>\n","protected":false},"featured_media":85953,"comment_status":"open","ping_status":"closed","template":"","meta":{"_acf_changed":false,"inline_featured_image":false},"product_brand":[],"product_cat":[134],"product_tag":[],"class_list":{"0":"post-85952","1":"product","2":"type-product","3":"status-publish","4":"has-post-thumbnail","6":"product_cat-krovni-nosaci-tipski","7":"pa_brend-peugeot","9":"first","10":"instock","11":"taxable","12":"shipping-taxable","13":"purchasable","14":"product-type-simple"},"acf":[],"custom_product_id":"12515","_links":{"self":[{"href":"https:\/\/autostil.ba\/maloprodaja\/wp-json\/wp\/v2\/product\/85952","targetHints":{"allow":["GET"]}}],"collection":[{"href":"https:\/\/autostil.ba\/maloprodaja\/wp-json\/wp\/v2\/product"}],"about":[{"href":"https:\/\/autostil.ba\/maloprodaja\/wp-json\/wp\/v2\/types\/product"}],"replies":[{"embeddable":true,"href":"https:\/\/autostil.ba\/maloprodaja\/wp-json\/wp\/v2\/comments?post=85952"}],"version-history":[{"count":1,"href":"https:\/\/autostil.ba\/maloprodaja\/wp-json\/wp\/v2\/product\/85952\/revisions"}],"predecessor-version":[{"id":85954,"href":"https:\/\/autostil.ba\/maloprodaja\/wp-json\/wp\/v2\/product\/85952\/revisions\/85954"}],"wp:featuredmedia":[{"embeddable":true,"href":"https:\/\/autostil.ba\/maloprodaja\/wp-json\/wp\/v2\/media\/85953"}],"wp:attachment":[{"href":"https:\/\/autostil.ba\/maloprodaja\/wp-json\/wp\/v2\/media?parent=85952"}],"wp:term":[{"taxonomy":"product_brand","embeddable":true,"href":"https:\/\/autostil.ba\/maloprodaja\/wp-json\/wp\/v2\/product_brand?post=85952"},{"taxonomy":"product_cat","embeddable":true,"href":"https:\/\/autostil.ba\/maloprodaja\/wp-json\/wp\/v2\/product_cat?post=85952"},{"taxonomy":"product_tag","embeddable":true,"href":"https:\/\/autostil.ba\/maloprodaja\/wp-json\/wp\/v2\/product_tag?post=85952"}],"curies":[{"name":"wp","href":"https:\/\/api.w.org\/{rel}","templated":true}]}}