{"id":85752,"date":"2024-07-18T07:50:10","date_gmt":"2024-07-18T05:50:10","guid":{"rendered":"https:\/\/autostil.ba\/maloprodaja\/?post_type=product&#038;p=85752"},"modified":"2026-04-08T11:16:38","modified_gmt":"2026-04-08T09:16:38","slug":"krovni-nosac-nordrive-citroen-ds5-od-2011-do-2018-metalne-sipke","status":"publish","type":"product","link":"https:\/\/autostil.ba\/maloprodaja\/proizvod\/11754\/krovni-nosac-nordrive-citroen-ds5-od-2011-do-2018-metalne-sipke\/","title":{"rendered":"KROVNI NOSA\u010c NORDRIVE DS DS5 2011-2018 METALNE \u0160IPKE"},"content":{"rendered":"","protected":false},"excerpt":{"rendered":"<p>\u010cvrsta \u010deli\u010dna \u0161ipka s neklizaju\u0107im PVC omota\u010dem otpornim na ogrebotine.<br \/>\nIspod \u0161ipke sa mjerenjem polo\u017eaja stopala za brzu instalaciju.<br \/>\nDonje gusjenice za nevidljivu vezu sa stopalima.<br \/>\nGumeni profili za brtvljenje donjih gusjenica nakon ugradnje.<br \/>\nKAPACITET: Ova stavka je komponenta EVOS modularnog sistema. Maksimalni kapacitet koji treba uzeti u obzir uvijek je onaj komponente s najmanjim kapacitetom.<\/p>\n<p>Ovo ograni\u010denje je, me\u0111utim, podre\u0111eno maksimalnom optere\u0107enju prikazanom u uputstvu za upotrebu i odr\u017eavanje vozila.<\/p>\n<p>Maksimalno optere\u0107enje zna\u010di: te\u017eina \u0161ipki + te\u017eina primijenjenog pribora + te\u017eina transportiranog tereta.<\/p>\n<p>Du\u017eina \u0161ipke: 120 cm.<\/p>\n","protected":false},"featured_media":85753,"comment_status":"open","ping_status":"closed","template":"","meta":{"_acf_changed":false,"inline_featured_image":false},"product_brand":[],"product_cat":[134],"product_tag":[],"class_list":{"0":"post-85752","1":"product","2":"type-product","3":"status-publish","4":"has-post-thumbnail","6":"product_cat-krovni-nosaci-tipski","7":"pa_brend-citroen","9":"first","10":"instock","11":"taxable","12":"shipping-taxable","13":"purchasable","14":"product-type-simple"},"acf":[],"custom_product_id":"11754","_links":{"self":[{"href":"https:\/\/autostil.ba\/maloprodaja\/wp-json\/wp\/v2\/product\/85752","targetHints":{"allow":["GET"]}}],"collection":[{"href":"https:\/\/autostil.ba\/maloprodaja\/wp-json\/wp\/v2\/product"}],"about":[{"href":"https:\/\/autostil.ba\/maloprodaja\/wp-json\/wp\/v2\/types\/product"}],"replies":[{"embeddable":true,"href":"https:\/\/autostil.ba\/maloprodaja\/wp-json\/wp\/v2\/comments?post=85752"}],"version-history":[{"count":2,"href":"https:\/\/autostil.ba\/maloprodaja\/wp-json\/wp\/v2\/product\/85752\/revisions"}],"predecessor-version":[{"id":793051123,"href":"https:\/\/autostil.ba\/maloprodaja\/wp-json\/wp\/v2\/product\/85752\/revisions\/793051123"}],"wp:featuredmedia":[{"embeddable":true,"href":"https:\/\/autostil.ba\/maloprodaja\/wp-json\/wp\/v2\/media\/85753"}],"wp:attachment":[{"href":"https:\/\/autostil.ba\/maloprodaja\/wp-json\/wp\/v2\/media?parent=85752"}],"wp:term":[{"taxonomy":"product_brand","embeddable":true,"href":"https:\/\/autostil.ba\/maloprodaja\/wp-json\/wp\/v2\/product_brand?post=85752"},{"taxonomy":"product_cat","embeddable":true,"href":"https:\/\/autostil.ba\/maloprodaja\/wp-json\/wp\/v2\/product_cat?post=85752"},{"taxonomy":"product_tag","embeddable":true,"href":"https:\/\/autostil.ba\/maloprodaja\/wp-json\/wp\/v2\/product_tag?post=85752"}],"curies":[{"name":"wp","href":"https:\/\/api.w.org\/{rel}","templated":true}]}}