{"id":793057406,"date":"2026-04-11T14:18:40","date_gmt":"2026-04-11T12:18:40","guid":{"rendered":"https:\/\/autostil.ba\/maloprodaja\/?post_type=product&#038;p=793057406"},"modified":"2026-04-13T16:00:21","modified_gmt":"2026-04-13T14:00:21","slug":"kofer-za-krovni-nosac-g3-sirio-320l-132x74x36cm","status":"publish","type":"product","link":"https:\/\/autostil.ba\/maloprodaja\/proizvod\/15513\/kofer-za-krovni-nosac-g3-sirio-320l-132x74x36cm\/","title":{"rendered":"KOFER ZA KROVNI NOSA\u010c G3 SIRIO 320L 132x74x36cm"},"content":{"rendered":"","protected":false},"excerpt":{"rendered":"<p><strong>Pravi prostor za svaku avanturu:<\/strong><br \/>\nG3 Sirio 320 crna je savr\u0161ena krovna kutija za one koji tra\u017ee ravnote\u017eu izme\u0111u nosivosti, dizajna i prakti\u010dnosti. Sa svojih 240 litara zapremine, nudi dovoljno prostora za prtljag, sportsku opremu i dodatke za slobodno vrijeme, \u0161to je \u010dini idealnim saveznikom za svako putovanje.<br \/>\n<strong>Funkcionalan dizajn i moderne linije:<\/strong><br \/>\nAerodinami\u010dni profil i profinjena zavr\u0161na obrada osiguravaju elegantan izgled i savr\u0161enu integraciju s va\u0161im vozilom.<br \/>\nBo\u010dni sistem otvaranja olak\u0161ava utovar i istovar, dok centralni sistem zaklju\u010davanja nudi maksimalnu sigurnost va\u0161ih li\u010dnih stvari.<br \/>\n<strong>Efikasnost i stabilnost na putu:<\/strong><br \/>\nDizajniran da smanji otpor vjetra, Sirio 320 pobolj\u0161ava stabilnost vozila i optimizuje potro\u0161nju goriva. Savladajte duga putovanja uz maksimalnu udobnost, bez kompromisa u pogledu sigurnosti ili performansi.<br \/>\n<strong>Izdr\u017eljivi materijali i pouzdana za\u0161tita:<\/strong><br \/>\nNapravljen od visokokvalitetnih materijala, G3 Sirio 320 je dizajniran da izdr\u017ei sunce, ki\u0161u i snijeg. UV za\u0161tita sprje\u010dava habanje tokom vremena, osiguravaju\u0107i besprijekoran izgled i dug vijek trajanja.<br \/>\n<strong>Savr\u0161eno za svaku putnu potrebu:<\/strong><br \/>\nBilo da se radi o vikendu ili dugom odmoru, G3 Sirio 320 je idealno rje\u0161enje za one kojima je potreban dodatni prostor bez \u017ertvovanja stila i funkcionalnosti. Jednostavan za instalaciju i siguran za kori\u0161tenje, postat \u0107e nezamjenjiv pratilac na putovanjima.<\/p>\n<p>&nbsp;<\/p>\n<p><strong>Specifikacija:<\/strong><\/p>\n<p>Dimenzije: D-1320mm, \u0160-745mm, V-365mm<\/p>\n<p>Zapremina: 240l<\/p>\n<p>Materijal: P.S. UV za\u0161ti\u0107en<\/p>\n<p>Max. optere\u0107enje: 50kg<\/p>\n<p>Boja: Svijetlosiva<\/p>\n<p>Otvaranje: Jednostrano-desno<\/p>\n<p>Brava: Jedna<\/p>\n<p>Prednja opruga: K3.011<\/p>\n<p>Zadnja opruga: K3.010<\/p>\n<p>&nbsp;<\/p>\n","protected":false},"featured_media":793057408,"comment_status":"open","ping_status":"closed","template":"","meta":{"_acf_changed":false,"inline_featured_image":false},"product_brand":[],"product_cat":[153],"product_tag":[],"class_list":{"0":"post-793057406","1":"product","2":"type-product","3":"status-publish","4":"has-post-thumbnail","6":"product_cat-krovni-koferi","8":"first","9":"instock","10":"taxable","11":"shipping-taxable","12":"purchasable","13":"product-type-simple"},"acf":[],"custom_product_id":"15513","_links":{"self":[{"href":"https:\/\/autostil.ba\/maloprodaja\/wp-json\/wp\/v2\/product\/793057406","targetHints":{"allow":["GET"]}}],"collection":[{"href":"https:\/\/autostil.ba\/maloprodaja\/wp-json\/wp\/v2\/product"}],"about":[{"href":"https:\/\/autostil.ba\/maloprodaja\/wp-json\/wp\/v2\/types\/product"}],"replies":[{"embeddable":true,"href":"https:\/\/autostil.ba\/maloprodaja\/wp-json\/wp\/v2\/comments?post=793057406"}],"version-history":[{"count":2,"href":"https:\/\/autostil.ba\/maloprodaja\/wp-json\/wp\/v2\/product\/793057406\/revisions"}],"predecessor-version":[{"id":793057410,"href":"https:\/\/autostil.ba\/maloprodaja\/wp-json\/wp\/v2\/product\/793057406\/revisions\/793057410"}],"wp:featuredmedia":[{"embeddable":true,"href":"https:\/\/autostil.ba\/maloprodaja\/wp-json\/wp\/v2\/media\/793057408"}],"wp:attachment":[{"href":"https:\/\/autostil.ba\/maloprodaja\/wp-json\/wp\/v2\/media?parent=793057406"}],"wp:term":[{"taxonomy":"product_brand","embeddable":true,"href":"https:\/\/autostil.ba\/maloprodaja\/wp-json\/wp\/v2\/product_brand?post=793057406"},{"taxonomy":"product_cat","embeddable":true,"href":"https:\/\/autostil.ba\/maloprodaja\/wp-json\/wp\/v2\/product_cat?post=793057406"},{"taxonomy":"product_tag","embeddable":true,"href":"https:\/\/autostil.ba\/maloprodaja\/wp-json\/wp\/v2\/product_tag?post=793057406"}],"curies":[{"name":"wp","href":"https:\/\/api.w.org\/{rel}","templated":true}]}}