{"id":793057383,"date":"2026-04-09T15:43:10","date_gmt":"2026-04-09T13:43:10","guid":{"rendered":"https:\/\/autostil.ba\/maloprodaja\/?post_type=product&#038;p=793057383"},"modified":"2026-04-13T16:00:42","modified_gmt":"2026-04-13T14:00:42","slug":"podmetac-za-gepek-tipski-skoda-superb-karavan-4-2024-gornji-pod","status":"publish","type":"product","link":"https:\/\/autostil.ba\/maloprodaja\/proizvod\/15511\/podmetac-za-gepek-tipski-skoda-superb-karavan-4-2024-gornji-pod\/","title":{"rendered":"PODMETA\u010c ZA GEPEK TIPSKI \u0160KODA SUPERB KARAVAN (4) 2024-&gt; (GORNJI POD)"},"content":{"rendered":"","protected":false},"excerpt":{"rendered":"<p>Podmeta\u010d za gepek, izra\u0111en od laganog i fleksibilnog materijala. Prijatnog je mirisa, te otporan na ne\u010disto\u0107e i hemijska sredstva. Rubovi su prilago\u0111eni obliku gepeka.<\/p>\n","protected":false},"featured_media":793057385,"comment_status":"open","ping_status":"closed","template":"","meta":{"_acf_changed":false,"inline_featured_image":false},"product_brand":[],"product_cat":[161],"product_tag":[],"class_list":{"0":"post-793057383","1":"product","2":"type-product","3":"status-publish","4":"has-post-thumbnail","6":"product_cat-podmetaci-za-gepek-tipski","8":"first","9":"instock","10":"taxable","11":"shipping-taxable","12":"purchasable","13":"product-type-simple"},"acf":[],"custom_product_id":"15511","_links":{"self":[{"href":"https:\/\/autostil.ba\/maloprodaja\/wp-json\/wp\/v2\/product\/793057383","targetHints":{"allow":["GET"]}}],"collection":[{"href":"https:\/\/autostil.ba\/maloprodaja\/wp-json\/wp\/v2\/product"}],"about":[{"href":"https:\/\/autostil.ba\/maloprodaja\/wp-json\/wp\/v2\/types\/product"}],"replies":[{"embeddable":true,"href":"https:\/\/autostil.ba\/maloprodaja\/wp-json\/wp\/v2\/comments?post=793057383"}],"version-history":[{"count":1,"href":"https:\/\/autostil.ba\/maloprodaja\/wp-json\/wp\/v2\/product\/793057383\/revisions"}],"predecessor-version":[{"id":793057384,"href":"https:\/\/autostil.ba\/maloprodaja\/wp-json\/wp\/v2\/product\/793057383\/revisions\/793057384"}],"wp:featuredmedia":[{"embeddable":true,"href":"https:\/\/autostil.ba\/maloprodaja\/wp-json\/wp\/v2\/media\/793057385"}],"wp:attachment":[{"href":"https:\/\/autostil.ba\/maloprodaja\/wp-json\/wp\/v2\/media?parent=793057383"}],"wp:term":[{"taxonomy":"product_brand","embeddable":true,"href":"https:\/\/autostil.ba\/maloprodaja\/wp-json\/wp\/v2\/product_brand?post=793057383"},{"taxonomy":"product_cat","embeddable":true,"href":"https:\/\/autostil.ba\/maloprodaja\/wp-json\/wp\/v2\/product_cat?post=793057383"},{"taxonomy":"product_tag","embeddable":true,"href":"https:\/\/autostil.ba\/maloprodaja\/wp-json\/wp\/v2\/product_tag?post=793057383"}],"curies":[{"name":"wp","href":"https:\/\/api.w.org\/{rel}","templated":true}]}}