{"id":793057319,"date":"2026-03-30T14:15:47","date_gmt":"2026-03-30T12:15:47","guid":{"rendered":"https:\/\/autostil.ba\/maloprodaja\/?post_type=product&#038;p=793057319"},"modified":"2026-04-28T19:58:05","modified_gmt":"2026-04-28T17:58:05","slug":"mirisna-jelkica-wunder-baum-supernova","status":"publish","type":"product","link":"https:\/\/autostil.ba\/maloprodaja\/proizvod\/15507\/mirisna-jelkica-wunder-baum-supernova\/","title":{"rendered":"MIRISNA JELKICA WUNDER BAUM SUPERNOVA"},"content":{"rendered":"","protected":false},"excerpt":{"rendered":"<p>Inspirisana zvjezdanom eksplozijom, Supernova se isti\u010de naletima jarkog bergamota poja\u010danog notama tamnog bobi\u010dastog vo\u0107a, ozonskog cvije\u0107a i mo\u0161usa.<\/p>\n","protected":false},"featured_media":793057321,"comment_status":"open","ping_status":"closed","template":"","meta":{"_acf_changed":false,"inline_featured_image":false},"product_brand":[],"product_cat":[78],"product_tag":[],"class_list":{"0":"post-793057319","1":"product","2":"type-product","3":"status-publish","4":"has-post-thumbnail","6":"product_cat-mirisi-za-auto","8":"first","9":"instock","10":"taxable","11":"shipping-taxable","12":"purchasable","13":"product-type-simple"},"acf":[],"custom_product_id":"15507","_links":{"self":[{"href":"https:\/\/autostil.ba\/maloprodaja\/wp-json\/wp\/v2\/product\/793057319","targetHints":{"allow":["GET"]}}],"collection":[{"href":"https:\/\/autostil.ba\/maloprodaja\/wp-json\/wp\/v2\/product"}],"about":[{"href":"https:\/\/autostil.ba\/maloprodaja\/wp-json\/wp\/v2\/types\/product"}],"replies":[{"embeddable":true,"href":"https:\/\/autostil.ba\/maloprodaja\/wp-json\/wp\/v2\/comments?post=793057319"}],"version-history":[{"count":1,"href":"https:\/\/autostil.ba\/maloprodaja\/wp-json\/wp\/v2\/product\/793057319\/revisions"}],"predecessor-version":[{"id":793057320,"href":"https:\/\/autostil.ba\/maloprodaja\/wp-json\/wp\/v2\/product\/793057319\/revisions\/793057320"}],"wp:featuredmedia":[{"embeddable":true,"href":"https:\/\/autostil.ba\/maloprodaja\/wp-json\/wp\/v2\/media\/793057321"}],"wp:attachment":[{"href":"https:\/\/autostil.ba\/maloprodaja\/wp-json\/wp\/v2\/media?parent=793057319"}],"wp:term":[{"taxonomy":"product_brand","embeddable":true,"href":"https:\/\/autostil.ba\/maloprodaja\/wp-json\/wp\/v2\/product_brand?post=793057319"},{"taxonomy":"product_cat","embeddable":true,"href":"https:\/\/autostil.ba\/maloprodaja\/wp-json\/wp\/v2\/product_cat?post=793057319"},{"taxonomy":"product_tag","embeddable":true,"href":"https:\/\/autostil.ba\/maloprodaja\/wp-json\/wp\/v2\/product_tag?post=793057319"}],"curies":[{"name":"wp","href":"https:\/\/api.w.org\/{rel}","templated":true}]}}