{"id":793057049,"date":"2026-03-03T13:35:48","date_gmt":"2026-03-03T11:35:48","guid":{"rendered":"https:\/\/autostil.ba\/maloprodaja\/?post_type=product&#038;p=793057049"},"modified":"2026-04-08T12:50:03","modified_gmt":"2026-04-08T10:50:03","slug":"radio-za-auto-1din-12v-mp3-usb-sd-bt-jh-5260-7-boja-osvjetljenja","status":"publish","type":"product","link":"https:\/\/autostil.ba\/maloprodaja\/proizvod\/15488\/radio-za-auto-1din-12v-mp3-usb-sd-bt-jh-5260-7-boja-osvjetljenja\/","title":{"rendered":"RADIO ZA AUTO 1DIN 12V MP3\/USB\/SD\/BT JH-5260 (7 BOJA OSVJETLJENJA)"},"content":{"rendered":"","protected":false},"excerpt":{"rendered":"<p><strong>Specifikacija:<\/strong><\/p>\n<p>\u3010AM\/FM\/RDS Bluetooth auto radio\u3011<\/p>\n<p>&#8211; S ovim RDS Bluetooth auto radiom mo\u017eete primati \u0161irok spektar radio stanica (FM: 87,5-107,9 MHz, AM: 522-1620 MHz). Osim toga, mo\u017eete pohraniti do 30 svojih omiljenih stanica (AM: 12 stanica, FM: 18 stanica).<br \/>\n&#8211; Jasan LCD ekran i ambijentalna svjetla u 7 boja: Wisture auto radio ima jasan i veliki ekran koji olak\u0161ava \u010ditanje. Njegovih sedam opcija boja stvaraju raspolo\u017eenje i kombiniraju svjetlo sa zvukom za ugodno iskustvo u kabini.<br \/>\n&#8211; Svestrana povezivost: Ovaj 1-DIN auto radio mo\u017ee se besprijekorno integrisati u integrisani Bluetooth i omogu\u0107ava rad bez upotrebe ruku. Ima 2 u 1 USB portove &#8211; USB port mo\u017eete koristiti za brzo punjenje na 2,1 A ili za reprodukciju muzike. Pored toga, MP3 player podr\u017eava AUX i TF kartice (do 32 GB).<br \/>\n&#8211; Bluetooth 5.0 auto radio s ru\u010dnim daljinskim upravlja\u010dem: Sa snagom od 60W x 4, ovaj auto radio odgovara vozilima od 12 V i mo\u017ee se besprijekorno upariti s Androidom i iOS-om.<br \/>\n&#8211; Optimizirana reprodukcija zvuka: Reprodukujte muziku u MP3, WMA ili WAV formatima. Prilagodite je podesivim kontrolama basa, visokih tonova i balansa. Tako\u0111er ima integrirani DSP (EQ) s pet stilova zvuka: POP, CLASSIC, JAZZ, ROCK i FLAT za bogato muzi\u010dko iskustvo.<br \/>\n&#8211; Univerzalni 1 DIN radio za 12 V: Ovaj ure\u0111aj odgovara gotovo svim standardnim 1 DIN instrument tablama automobila. Paket uklju\u010duje auto radio, antenu, odgovaraju\u0107u prednju plo\u010du, daljinski upravlja\u010d, uputstvo, okvir za monta\u017eu, kabel za napajanje i alate za instalaciju. Napomena: Nije pogodno za vozila od 24 V.<\/p>\n","protected":false},"featured_media":793057051,"comment_status":"open","ping_status":"closed","template":"","meta":{"_acf_changed":false,"inline_featured_image":false},"product_brand":[],"product_cat":[162],"product_tag":[],"class_list":{"0":"post-793057049","1":"product","2":"type-product","3":"status-publish","4":"has-post-thumbnail","6":"product_cat-audio-video-uredaji-za-automobile","8":"first","9":"instock","10":"taxable","11":"shipping-taxable","12":"purchasable","13":"product-type-simple"},"acf":[],"custom_product_id":"15488","_links":{"self":[{"href":"https:\/\/autostil.ba\/maloprodaja\/wp-json\/wp\/v2\/product\/793057049","targetHints":{"allow":["GET"]}}],"collection":[{"href":"https:\/\/autostil.ba\/maloprodaja\/wp-json\/wp\/v2\/product"}],"about":[{"href":"https:\/\/autostil.ba\/maloprodaja\/wp-json\/wp\/v2\/types\/product"}],"replies":[{"embeddable":true,"href":"https:\/\/autostil.ba\/maloprodaja\/wp-json\/wp\/v2\/comments?post=793057049"}],"version-history":[{"count":1,"href":"https:\/\/autostil.ba\/maloprodaja\/wp-json\/wp\/v2\/product\/793057049\/revisions"}],"predecessor-version":[{"id":793057050,"href":"https:\/\/autostil.ba\/maloprodaja\/wp-json\/wp\/v2\/product\/793057049\/revisions\/793057050"}],"wp:featuredmedia":[{"embeddable":true,"href":"https:\/\/autostil.ba\/maloprodaja\/wp-json\/wp\/v2\/media\/793057051"}],"wp:attachment":[{"href":"https:\/\/autostil.ba\/maloprodaja\/wp-json\/wp\/v2\/media?parent=793057049"}],"wp:term":[{"taxonomy":"product_brand","embeddable":true,"href":"https:\/\/autostil.ba\/maloprodaja\/wp-json\/wp\/v2\/product_brand?post=793057049"},{"taxonomy":"product_cat","embeddable":true,"href":"https:\/\/autostil.ba\/maloprodaja\/wp-json\/wp\/v2\/product_cat?post=793057049"},{"taxonomy":"product_tag","embeddable":true,"href":"https:\/\/autostil.ba\/maloprodaja\/wp-json\/wp\/v2\/product_tag?post=793057049"}],"curies":[{"name":"wp","href":"https:\/\/api.w.org\/{rel}","templated":true}]}}