{"id":793057033,"date":"2026-03-03T10:13:24","date_gmt":"2026-03-03T08:13:24","guid":{"rendered":"https:\/\/autostil.ba\/maloprodaja\/?post_type=product&#038;p=793057033"},"modified":"2026-04-08T12:49:58","modified_gmt":"2026-04-08T10:49:58","slug":"fm-transmiter-hz-bt-c28","status":"publish","type":"product","link":"https:\/\/autostil.ba\/maloprodaja\/proizvod\/15485\/fm-transmiter-hz-bt-c28\/","title":{"rendered":"FM TRANSMITER HZ-BT-C28"},"content":{"rendered":"","protected":false},"excerpt":{"rendered":"<p><strong>Karakteristike:\u00a0<\/strong><\/p>\n<ul>\n<li>Handsfree: Jednostavno upravljanje pozivima tokom vo\u017enje<\/li>\n<li>Bluetooth 5.0: Brza i stabilna be\u017ei\u010dna veza<\/li>\n<li>Kapacitet baterije: 140mA<\/li>\n<li>Automobilska muzika: Pobolj\u0161ajte audio iskustvo u automobilu<\/li>\n<li>2 u 1: Dvostruka funkcija za predajnik i prijemnik<\/li>\n<li>3,5 mm priklju\u010dak: Kompatibilan sa standardnim audio ure\u0111ajima<\/li>\n<\/ul>\n<p><strong>Opis:<\/strong><\/p>\n<p>Bluetooth 5.0, 4 sata trajanja baterije, kvalitet zvuka bez gubitaka, hands-free pozivi, plug and play, AUX interfejs<br \/>\nBluetooth na\u010din prijenosa (TX): Pretvara \u017ei\u010dani audio u Bluetooth signal i prenosi ga na Bluetooth ure\u0111aj za izlaz<br \/>\nBluetooth na\u010din prijema (RX): Prima Bluetooth signal i prenosi ga na \u017ei\u010dani audio putem Bluetooth veze<br \/>\nPove\u017eite se na 3,5 mm audio interfejs televizora i prenosite zvuk na slu\u0161alice putem Bluetootha, tako da se ne bojite uznemiravati porodicu dok gledate filmove no\u0107u<br \/>\nPovezan na 3,5 mm audio port, zvu\u010dnik bez Bluetooth funkcije se tako\u0111er mo\u017ee reproducirati be\u017ei\u010dno<br \/>\nPove\u017eite Bluetooth konektor na AUX interfejs automobila putem adaptera\/prijenosnog kabela (standardno) i pove\u017eite Bluetooth na stereo ure\u0111aj u automobilu, koji ne samo da mo\u017ee upu\u0107ivati \u200b\u200bpozive, ve\u0107 i slu\u0161ati dinami\u010dnu muziku, tako da va\u0161e putovanje vi\u0161e ne bude usamljeno<br \/>\nRestauracija visoke rezolucije kvaliteta zvuka bez gubitaka, donose\u0107i muzi\u010dko iskustvo na CD nivou samo jednom, mo\u017eete slu\u0161ati muziku na svom telefonu<br \/>\nUgra\u0111ena punjiva litijum-jonska baterija mo\u017ee se napuniti jednom i mo\u017ee se koristiti 4 sata kada je baterija slaba, \u0161to je prakti\u010dno i bezbri\u017eno.<br \/>\nBluetooth 5.0 slu\u0161anje pjesama bez ka\u0161njenja: niska potro\u0161nja energije i stabilan prijenos signala visokom brzinom, slu\u0161anje pjesama glatkije.<\/p>\n<p><strong>Pakovanje:<\/strong><\/p>\n<p>1 * Glavna jedinica<br \/>\n1 * 3,5mm audio adapter<br \/>\n1 * Kabl za punjenje<br \/>\n1 * Uputstvo za upotrebu<\/p>\n","protected":false},"featured_media":793057035,"comment_status":"open","ping_status":"closed","template":"","meta":{"_acf_changed":false,"inline_featured_image":false},"product_brand":[],"product_cat":[155],"product_tag":[],"class_list":{"0":"post-793057033","1":"product","2":"type-product","3":"status-publish","4":"has-post-thumbnail","6":"product_cat-fm-modulatori-za-auto-mp3","8":"first","9":"instock","10":"taxable","11":"shipping-taxable","12":"purchasable","13":"product-type-simple"},"acf":[],"custom_product_id":"15485","_links":{"self":[{"href":"https:\/\/autostil.ba\/maloprodaja\/wp-json\/wp\/v2\/product\/793057033","targetHints":{"allow":["GET"]}}],"collection":[{"href":"https:\/\/autostil.ba\/maloprodaja\/wp-json\/wp\/v2\/product"}],"about":[{"href":"https:\/\/autostil.ba\/maloprodaja\/wp-json\/wp\/v2\/types\/product"}],"replies":[{"embeddable":true,"href":"https:\/\/autostil.ba\/maloprodaja\/wp-json\/wp\/v2\/comments?post=793057033"}],"version-history":[{"count":1,"href":"https:\/\/autostil.ba\/maloprodaja\/wp-json\/wp\/v2\/product\/793057033\/revisions"}],"predecessor-version":[{"id":793057034,"href":"https:\/\/autostil.ba\/maloprodaja\/wp-json\/wp\/v2\/product\/793057033\/revisions\/793057034"}],"wp:featuredmedia":[{"embeddable":true,"href":"https:\/\/autostil.ba\/maloprodaja\/wp-json\/wp\/v2\/media\/793057035"}],"wp:attachment":[{"href":"https:\/\/autostil.ba\/maloprodaja\/wp-json\/wp\/v2\/media?parent=793057033"}],"wp:term":[{"taxonomy":"product_brand","embeddable":true,"href":"https:\/\/autostil.ba\/maloprodaja\/wp-json\/wp\/v2\/product_brand?post=793057033"},{"taxonomy":"product_cat","embeddable":true,"href":"https:\/\/autostil.ba\/maloprodaja\/wp-json\/wp\/v2\/product_cat?post=793057033"},{"taxonomy":"product_tag","embeddable":true,"href":"https:\/\/autostil.ba\/maloprodaja\/wp-json\/wp\/v2\/product_tag?post=793057033"}],"curies":[{"name":"wp","href":"https:\/\/api.w.org\/{rel}","templated":true}]}}