{"id":793057006,"date":"2026-03-02T16:55:02","date_gmt":"2026-03-02T14:55:02","guid":{"rendered":"https:\/\/autostil.ba\/maloprodaja\/?post_type=product&#038;p=793057006"},"modified":"2026-04-08T12:49:58","modified_gmt":"2026-04-08T10:49:58","slug":"umetak-za-popunjavanje-prostora-izmedju-sjedista-i-konzole-crni-par","status":"publish","type":"product","link":"https:\/\/autostil.ba\/maloprodaja\/proizvod\/15484\/umetak-za-popunjavanje-prostora-izmedju-sjedista-i-konzole-crni-par\/","title":{"rendered":"UMETAK ZA POPUNJAVANJE PROSTORA IZMEDJU SJEDI\u0160TA I KONZOLE CRNI (PAR)"},"content":{"rendered":"","protected":false},"excerpt":{"rendered":"<p>Elasti\u010dni umetak koji popunjava prostor izme\u0111u sjedi\u0161ta i centralne konzole i sprje\u010dava da stvari poput telefona, novca, klju\u010deva i drugih sitnica propadnu u rupu.<\/p>\n<p>\u2013 Elasti\u010dan savitljiv materijal<\/p>\n<p>\u2013 Jednostavna ugradnja<\/p>\n<p>\u2013 Univerzalna primjena<\/p>\n<p>\u2013 Prati pomjeranje sjedi\u0161ta<\/p>\n<p>\u2013 Set od 2 komada<\/p>\n<p>\u2013 Boja crna<\/p>\n","protected":false},"featured_media":793057028,"comment_status":"open","ping_status":"closed","template":"","meta":{"_acf_changed":false,"inline_featured_image":false},"product_brand":[],"product_cat":[93],"product_tag":[],"class_list":{"0":"post-793057006","1":"product","2":"type-product","3":"status-publish","4":"has-post-thumbnail","6":"product_cat-dodatna-oprema-enterijera","8":"first","9":"instock","10":"taxable","11":"shipping-taxable","12":"purchasable","13":"product-type-simple"},"acf":[],"custom_product_id":"15484","_links":{"self":[{"href":"https:\/\/autostil.ba\/maloprodaja\/wp-json\/wp\/v2\/product\/793057006","targetHints":{"allow":["GET"]}}],"collection":[{"href":"https:\/\/autostil.ba\/maloprodaja\/wp-json\/wp\/v2\/product"}],"about":[{"href":"https:\/\/autostil.ba\/maloprodaja\/wp-json\/wp\/v2\/types\/product"}],"replies":[{"embeddable":true,"href":"https:\/\/autostil.ba\/maloprodaja\/wp-json\/wp\/v2\/comments?post=793057006"}],"version-history":[{"count":1,"href":"https:\/\/autostil.ba\/maloprodaja\/wp-json\/wp\/v2\/product\/793057006\/revisions"}],"predecessor-version":[{"id":793057007,"href":"https:\/\/autostil.ba\/maloprodaja\/wp-json\/wp\/v2\/product\/793057006\/revisions\/793057007"}],"wp:featuredmedia":[{"embeddable":true,"href":"https:\/\/autostil.ba\/maloprodaja\/wp-json\/wp\/v2\/media\/793057028"}],"wp:attachment":[{"href":"https:\/\/autostil.ba\/maloprodaja\/wp-json\/wp\/v2\/media?parent=793057006"}],"wp:term":[{"taxonomy":"product_brand","embeddable":true,"href":"https:\/\/autostil.ba\/maloprodaja\/wp-json\/wp\/v2\/product_brand?post=793057006"},{"taxonomy":"product_cat","embeddable":true,"href":"https:\/\/autostil.ba\/maloprodaja\/wp-json\/wp\/v2\/product_cat?post=793057006"},{"taxonomy":"product_tag","embeddable":true,"href":"https:\/\/autostil.ba\/maloprodaja\/wp-json\/wp\/v2\/product_tag?post=793057006"}],"curies":[{"name":"wp","href":"https:\/\/api.w.org\/{rel}","templated":true}]}}