{"id":793056974,"date":"2026-02-28T15:35:30","date_gmt":"2026-02-28T13:35:30","guid":{"rendered":"https:\/\/autostil.ba\/maloprodaja\/?post_type=product&#038;p=793056974"},"modified":"2026-04-08T12:49:57","modified_gmt":"2026-04-08T10:49:57","slug":"navlaka-za-volan-klik-klak-univerzalna","status":"publish","type":"product","link":"https:\/\/autostil.ba\/maloprodaja\/proizvod\/15480\/navlaka-za-volan-klik-klak-univerzalna\/","title":{"rendered":"NAVLAKA ZA VOLAN KLIK-KLAK UNIVERZALNA"},"content":{"rendered":"","protected":false},"excerpt":{"rendered":"<p>Plasti\u010dna navlaka u boji tamnog carbona. Set od 2 komada koji pokrivaju dvije bo\u010dne strane volana. Veoma jednostavna monta\u017ea, sistem klik-klak. Univerzalna primjena, odgovara na ve\u0107inu volana putni\u010dkih automobila.<\/p>\n","protected":false},"featured_media":793056976,"comment_status":"open","ping_status":"closed","template":"","meta":{"_acf_changed":false,"inline_featured_image":false},"product_brand":[],"product_cat":[77],"product_tag":[],"class_list":{"0":"post-793056974","1":"product","2":"type-product","3":"status-publish","4":"has-post-thumbnail","6":"product_cat-navlake-volana-i-kugle-za-volan","8":"first","9":"instock","10":"taxable","11":"shipping-taxable","12":"purchasable","13":"product-type-simple"},"acf":[],"custom_product_id":"15480","_links":{"self":[{"href":"https:\/\/autostil.ba\/maloprodaja\/wp-json\/wp\/v2\/product\/793056974","targetHints":{"allow":["GET"]}}],"collection":[{"href":"https:\/\/autostil.ba\/maloprodaja\/wp-json\/wp\/v2\/product"}],"about":[{"href":"https:\/\/autostil.ba\/maloprodaja\/wp-json\/wp\/v2\/types\/product"}],"replies":[{"embeddable":true,"href":"https:\/\/autostil.ba\/maloprodaja\/wp-json\/wp\/v2\/comments?post=793056974"}],"version-history":[{"count":1,"href":"https:\/\/autostil.ba\/maloprodaja\/wp-json\/wp\/v2\/product\/793056974\/revisions"}],"predecessor-version":[{"id":793056975,"href":"https:\/\/autostil.ba\/maloprodaja\/wp-json\/wp\/v2\/product\/793056974\/revisions\/793056975"}],"wp:featuredmedia":[{"embeddable":true,"href":"https:\/\/autostil.ba\/maloprodaja\/wp-json\/wp\/v2\/media\/793056976"}],"wp:attachment":[{"href":"https:\/\/autostil.ba\/maloprodaja\/wp-json\/wp\/v2\/media?parent=793056974"}],"wp:term":[{"taxonomy":"product_brand","embeddable":true,"href":"https:\/\/autostil.ba\/maloprodaja\/wp-json\/wp\/v2\/product_brand?post=793056974"},{"taxonomy":"product_cat","embeddable":true,"href":"https:\/\/autostil.ba\/maloprodaja\/wp-json\/wp\/v2\/product_cat?post=793056974"},{"taxonomy":"product_tag","embeddable":true,"href":"https:\/\/autostil.ba\/maloprodaja\/wp-json\/wp\/v2\/product_tag?post=793056974"}],"curies":[{"name":"wp","href":"https:\/\/api.w.org\/{rel}","templated":true}]}}