{"id":793056772,"date":"2026-03-04T10:08:30","date_gmt":"2026-03-04T08:08:30","guid":{"rendered":"https:\/\/autostil.ba\/maloprodaja\/?post_type=product&#038;p=793056772"},"modified":"2026-04-08T12:49:40","modified_gmt":"2026-04-08T10:49:40","slug":"auto-presvlake-univerzalne-velur-11-otvor-za-uzglavlje-sa-cickom","status":"publish","type":"product","link":"https:\/\/autostil.ba\/maloprodaja\/proizvod\/15453\/auto-presvlake-univerzalne-velur-11-otvor-za-uzglavlje-sa-cickom\/","title":{"rendered":"AUTO PRESVLAKE UNIVERZALNE VELUR 1+1 (otvor za uzglavlje sa \u010di\u010dkom)"},"content":{"rendered":"","protected":false},"excerpt":{"rendered":"<p>SLIKA JE SIMBOLI\u010cNA !!<\/p>\n<p>NAMJENJENE ZA 2 ODVOJENA SJEDI\u0160TA SA OTVOROM ZA UZGLAVLJE NA \u010cI\u010cAK. PRETE\u017dNO SE KORISTE ZA DOSTAVNA VOZILA KOJA IMAJU SAMO DVA SJEDI\u0160TA, ALI I ZA PUTNI\u010cKA VOZILA GDJE SE NAME\u0106U KAO RIJE\u0160ENJE SAMO ZA PREDNJA 2 SJEDI\u0160TA.<\/p>\n","protected":false},"featured_media":793056774,"comment_status":"open","ping_status":"closed","template":"","meta":{"_acf_changed":false,"inline_featured_image":false},"product_brand":[],"product_cat":[35],"product_tag":[],"class_list":{"0":"post-793056772","1":"product","2":"type-product","3":"status-publish","4":"has-post-thumbnail","6":"product_cat-auto-presvlake","8":"first","9":"instock","10":"taxable","11":"shipping-taxable","12":"purchasable","13":"product-type-simple"},"acf":[],"custom_product_id":"15453","_links":{"self":[{"href":"https:\/\/autostil.ba\/maloprodaja\/wp-json\/wp\/v2\/product\/793056772","targetHints":{"allow":["GET"]}}],"collection":[{"href":"https:\/\/autostil.ba\/maloprodaja\/wp-json\/wp\/v2\/product"}],"about":[{"href":"https:\/\/autostil.ba\/maloprodaja\/wp-json\/wp\/v2\/types\/product"}],"replies":[{"embeddable":true,"href":"https:\/\/autostil.ba\/maloprodaja\/wp-json\/wp\/v2\/comments?post=793056772"}],"version-history":[{"count":1,"href":"https:\/\/autostil.ba\/maloprodaja\/wp-json\/wp\/v2\/product\/793056772\/revisions"}],"predecessor-version":[{"id":793056773,"href":"https:\/\/autostil.ba\/maloprodaja\/wp-json\/wp\/v2\/product\/793056772\/revisions\/793056773"}],"wp:featuredmedia":[{"embeddable":true,"href":"https:\/\/autostil.ba\/maloprodaja\/wp-json\/wp\/v2\/media\/793056774"}],"wp:attachment":[{"href":"https:\/\/autostil.ba\/maloprodaja\/wp-json\/wp\/v2\/media?parent=793056772"}],"wp:term":[{"taxonomy":"product_brand","embeddable":true,"href":"https:\/\/autostil.ba\/maloprodaja\/wp-json\/wp\/v2\/product_brand?post=793056772"},{"taxonomy":"product_cat","embeddable":true,"href":"https:\/\/autostil.ba\/maloprodaja\/wp-json\/wp\/v2\/product_cat?post=793056772"},{"taxonomy":"product_tag","embeddable":true,"href":"https:\/\/autostil.ba\/maloprodaja\/wp-json\/wp\/v2\/product_tag?post=793056772"}],"curies":[{"name":"wp","href":"https:\/\/api.w.org\/{rel}","templated":true}]}}