{"id":793056046,"date":"2025-12-24T15:16:23","date_gmt":"2025-12-24T13:16:23","guid":{"rendered":"https:\/\/autostil.ba\/maloprodaja\/?post_type=product&#038;p=793056046"},"modified":"2026-04-24T10:00:41","modified_gmt":"2026-04-24T08:00:41","slug":"rora-niklovana-dupla-max-5981","status":"publish","type":"product","link":"https:\/\/autostil.ba\/maloprodaja\/proizvod\/15429\/rora-niklovana-dupla-max-5981\/","title":{"rendered":"RORA NIKLOVANA DUPLA MAX 5981"},"content":{"rendered":"","protected":false},"excerpt":{"rendered":"<p>&#8216;- Visokokvalitetni nastavak za auspuh koji \u0107e pobolj\u0161ati dizajn va\u0161eg automobila i dati mu tjuning izgled.<br \/>\n&#8211; Pri\u010dvr\u0161\u0107uje se na originalni auspuh pomo\u0107u prilo\u017eenih vijaka.<br \/>\n&#8211; Nastavak za auspuh se postavlja na kraj auspuha i pri\u010dvr\u0161\u0107uje prilo\u017eenim vijcima.<br \/>\n&#8211; Zavr\u0161ni poklopac se mo\u017ee kombinovati na desnoj i lijevoj strani auspuha (za automobile koji imaju dva auspuha ugra\u0111ena iz fabrike).<br \/>\n<strong>&#8211; Pakovanje uklju\u010duje 1 nastavak za auspuh.<\/strong><\/p>\n","protected":false},"featured_media":793056048,"comment_status":"open","ping_status":"closed","template":"","meta":{"_acf_changed":false,"inline_featured_image":false},"product_brand":[],"product_cat":[102],"product_tag":[],"class_list":{"0":"post-793056046","1":"product","2":"type-product","3":"status-publish","4":"has-post-thumbnail","6":"product_cat-izduvni-sistem","8":"first","9":"instock","10":"taxable","11":"shipping-taxable","12":"purchasable","13":"product-type-simple"},"acf":[],"custom_product_id":"15429","_links":{"self":[{"href":"https:\/\/autostil.ba\/maloprodaja\/wp-json\/wp\/v2\/product\/793056046","targetHints":{"allow":["GET"]}}],"collection":[{"href":"https:\/\/autostil.ba\/maloprodaja\/wp-json\/wp\/v2\/product"}],"about":[{"href":"https:\/\/autostil.ba\/maloprodaja\/wp-json\/wp\/v2\/types\/product"}],"replies":[{"embeddable":true,"href":"https:\/\/autostil.ba\/maloprodaja\/wp-json\/wp\/v2\/comments?post=793056046"}],"version-history":[{"count":1,"href":"https:\/\/autostil.ba\/maloprodaja\/wp-json\/wp\/v2\/product\/793056046\/revisions"}],"predecessor-version":[{"id":793056047,"href":"https:\/\/autostil.ba\/maloprodaja\/wp-json\/wp\/v2\/product\/793056046\/revisions\/793056047"}],"wp:featuredmedia":[{"embeddable":true,"href":"https:\/\/autostil.ba\/maloprodaja\/wp-json\/wp\/v2\/media\/793056048"}],"wp:attachment":[{"href":"https:\/\/autostil.ba\/maloprodaja\/wp-json\/wp\/v2\/media?parent=793056046"}],"wp:term":[{"taxonomy":"product_brand","embeddable":true,"href":"https:\/\/autostil.ba\/maloprodaja\/wp-json\/wp\/v2\/product_brand?post=793056046"},{"taxonomy":"product_cat","embeddable":true,"href":"https:\/\/autostil.ba\/maloprodaja\/wp-json\/wp\/v2\/product_cat?post=793056046"},{"taxonomy":"product_tag","embeddable":true,"href":"https:\/\/autostil.ba\/maloprodaja\/wp-json\/wp\/v2\/product_tag?post=793056046"}],"curies":[{"name":"wp","href":"https:\/\/api.w.org\/{rel}","templated":true}]}}