{"id":793055972,"date":"2025-12-17T11:51:57","date_gmt":"2025-12-17T09:51:57","guid":{"rendered":"https:\/\/autostil.ba\/maloprodaja\/?post_type=product&#038;p=793055972"},"modified":"2026-04-08T12:49:22","modified_gmt":"2026-04-08T10:49:22","slug":"glina-bad-boys-100g","status":"publish","type":"product","link":"https:\/\/autostil.ba\/maloprodaja\/proizvod\/15426\/glina-bad-boys-100g\/","title":{"rendered":"GLINA BAD BOYS 100g"},"content":{"rendered":"","protected":false},"excerpt":{"rendered":"<p>Glinena plo\u010dica srednje tvrdo\u0107e za uklanjanje ne\u010disto\u0107a s boje i stakla. Efikasno uklanja smolu, katran, ostatke boje i drugu tvrdokornu prljav\u0161tinu. Tako\u0111er je pogodna za \u010di\u0161\u0107enje aluminijskih felgi od naslaga pra\u0161ine s ko\u010dnica.<\/p>\n<p>Na\u010din upotrebe: Operite i osu\u0161ite povr\u0161inu, oblikujte komad gline u ravni disk i potopite ga u toplu vodu da omek\u0161a. Navla\u017eite povr\u0161inu i trljajte dok se ne\u010disto\u0107e ne uklone. Kako glina upija prljav\u0161tinu, preklopite je prema unutra i preoblikujte je u ravni disk.<\/p>\n","protected":false},"featured_media":793055974,"comment_status":"open","ping_status":"closed","template":"","meta":{"_acf_changed":false,"inline_featured_image":false},"product_brand":[],"product_cat":[164],"product_tag":[],"class_list":{"0":"post-793055972","1":"product","2":"type-product","3":"status-publish","4":"has-post-thumbnail","6":"product_cat-car-detailing","8":"first","9":"instock","10":"taxable","11":"shipping-taxable","12":"purchasable","13":"product-type-simple"},"acf":[],"custom_product_id":"15426","_links":{"self":[{"href":"https:\/\/autostil.ba\/maloprodaja\/wp-json\/wp\/v2\/product\/793055972","targetHints":{"allow":["GET"]}}],"collection":[{"href":"https:\/\/autostil.ba\/maloprodaja\/wp-json\/wp\/v2\/product"}],"about":[{"href":"https:\/\/autostil.ba\/maloprodaja\/wp-json\/wp\/v2\/types\/product"}],"replies":[{"embeddable":true,"href":"https:\/\/autostil.ba\/maloprodaja\/wp-json\/wp\/v2\/comments?post=793055972"}],"version-history":[{"count":1,"href":"https:\/\/autostil.ba\/maloprodaja\/wp-json\/wp\/v2\/product\/793055972\/revisions"}],"predecessor-version":[{"id":793055973,"href":"https:\/\/autostil.ba\/maloprodaja\/wp-json\/wp\/v2\/product\/793055972\/revisions\/793055973"}],"wp:featuredmedia":[{"embeddable":true,"href":"https:\/\/autostil.ba\/maloprodaja\/wp-json\/wp\/v2\/media\/793055974"}],"wp:attachment":[{"href":"https:\/\/autostil.ba\/maloprodaja\/wp-json\/wp\/v2\/media?parent=793055972"}],"wp:term":[{"taxonomy":"product_brand","embeddable":true,"href":"https:\/\/autostil.ba\/maloprodaja\/wp-json\/wp\/v2\/product_brand?post=793055972"},{"taxonomy":"product_cat","embeddable":true,"href":"https:\/\/autostil.ba\/maloprodaja\/wp-json\/wp\/v2\/product_cat?post=793055972"},{"taxonomy":"product_tag","embeddable":true,"href":"https:\/\/autostil.ba\/maloprodaja\/wp-json\/wp\/v2\/product_tag?post=793055972"}],"curies":[{"name":"wp","href":"https:\/\/api.w.org\/{rel}","templated":true}]}}