{"id":793055928,"date":"2025-12-13T13:42:03","date_gmt":"2025-12-13T11:42:03","guid":{"rendered":"https:\/\/autostil.ba\/maloprodaja\/?post_type=product&#038;p=793055928"},"modified":"2026-04-08T12:49:22","modified_gmt":"2026-04-08T10:49:22","slug":"patosnice-gumene-tipske-renault-master-dizel-i-ev-2024-prednji-red","status":"publish","type":"product","link":"https:\/\/autostil.ba\/maloprodaja\/proizvod\/15423\/patosnice-gumene-tipske-renault-master-dizel-i-ev-2024-prednji-red\/","title":{"rendered":"PATOSNICE GUMENE TIPSKE RENAULT MASTER (DIZEL I EV) 2024-&gt; (PREDNJI RED)"},"content":{"rendered":"","protected":false},"excerpt":{"rendered":"<p>Tipske gumene patosnice izra\u0111ene prema odre\u0111enom modelu automobila. Imaju izra\u017eene rubove koji spre\u010davaju izlijevanje vode, omogu\u0107avaju lako odr\u017eavanje, \u010duvaju izgled unutra\u0161njosti, a ne kli\u017eu se. Napravljene su od organskih materijala koji imaju prijatan miris.<\/p>\n","protected":false},"featured_media":793055930,"comment_status":"open","ping_status":"closed","template":"","meta":{"_acf_changed":false,"inline_featured_image":false},"product_brand":[],"product_cat":[30],"product_tag":[],"class_list":{"0":"post-793055928","1":"product","2":"type-product","3":"status-publish","4":"has-post-thumbnail","6":"product_cat-auto-patosnice-tipske","8":"first","9":"instock","10":"taxable","11":"shipping-taxable","12":"purchasable","13":"product-type-simple"},"acf":[],"custom_product_id":"15423","_links":{"self":[{"href":"https:\/\/autostil.ba\/maloprodaja\/wp-json\/wp\/v2\/product\/793055928","targetHints":{"allow":["GET"]}}],"collection":[{"href":"https:\/\/autostil.ba\/maloprodaja\/wp-json\/wp\/v2\/product"}],"about":[{"href":"https:\/\/autostil.ba\/maloprodaja\/wp-json\/wp\/v2\/types\/product"}],"replies":[{"embeddable":true,"href":"https:\/\/autostil.ba\/maloprodaja\/wp-json\/wp\/v2\/comments?post=793055928"}],"version-history":[{"count":1,"href":"https:\/\/autostil.ba\/maloprodaja\/wp-json\/wp\/v2\/product\/793055928\/revisions"}],"predecessor-version":[{"id":793055929,"href":"https:\/\/autostil.ba\/maloprodaja\/wp-json\/wp\/v2\/product\/793055928\/revisions\/793055929"}],"wp:featuredmedia":[{"embeddable":true,"href":"https:\/\/autostil.ba\/maloprodaja\/wp-json\/wp\/v2\/media\/793055930"}],"wp:attachment":[{"href":"https:\/\/autostil.ba\/maloprodaja\/wp-json\/wp\/v2\/media?parent=793055928"}],"wp:term":[{"taxonomy":"product_brand","embeddable":true,"href":"https:\/\/autostil.ba\/maloprodaja\/wp-json\/wp\/v2\/product_brand?post=793055928"},{"taxonomy":"product_cat","embeddable":true,"href":"https:\/\/autostil.ba\/maloprodaja\/wp-json\/wp\/v2\/product_cat?post=793055928"},{"taxonomy":"product_tag","embeddable":true,"href":"https:\/\/autostil.ba\/maloprodaja\/wp-json\/wp\/v2\/product_tag?post=793055928"}],"curies":[{"name":"wp","href":"https:\/\/api.w.org\/{rel}","templated":true}]}}