{"id":793055563,"date":"2025-12-01T17:55:45","date_gmt":"2025-12-01T15:55:45","guid":{"rendered":"https:\/\/autostil.ba\/maloprodaja\/?post_type=product&#038;p=793055563"},"modified":"2026-04-08T12:48:22","modified_gmt":"2026-04-08T10:48:22","slug":"set-kopci-za-auto-tapacirunge-620-1","status":"publish","type":"product","link":"https:\/\/autostil.ba\/maloprodaja\/proizvod\/15317\/set-kopci-za-auto-tapacirunge-620-1\/","title":{"rendered":"SET KOP\u010cI ZA AUTO TAPACIRUNGE 620\/1"},"content":{"rendered":"","protected":false},"excerpt":{"rendered":"<p><strong>Opis proizvoda:<\/strong><\/p>\n<p>Set od 620 ELEMENATA koji sadr\u017ei 16 najpopularnijih veli\u010dina kop\u010di i pri\u010dvr\u0161\u0107iva\u010da.<\/p>\n<p>Univerzalne kop\u010de odgovaraju ve\u0107ini marki automobila.<\/p>\n<p>Kop\u010de &#8211; plasti\u010dne kop\u010de su odli\u010dne za unutra\u0161nje obloge automobila, pri\u010dvr\u0161\u0107ivanje krila ili branika, kao i za druge univerzalne primjene.<\/p>\n<p>Vodootporne &#8211; vodootporne kop\u010de za pri\u010dvr\u0161\u0107ivanje ne\u0107e hr\u0111ati ili korodirati u lo\u0161im vremenskim uslovima. Napravljene od jakog i izdr\u017eljivog materijala &#8211; plastike.<\/p>\n<p>Neophodan predmet za gara\u017ee i automehani\u010darske radionice.<\/p>\n<p>Kop\u010de su upakovane u plasti\u010dnu kutiju tako da \u0107e uvijek biti na jednom mjestu.<\/p>\n<p><strong>Specifikacija:<\/strong><\/p>\n<p>620 komada<br \/>\n16 vrsta<br \/>\nMaterijal: Plastika &#8211; PVC<br \/>\nKUTIJA od 3 dijela<\/p>\n<p><strong>Paket uklju\u010duje:<\/strong><\/p>\n<p>YT1235-20 kom 7 mm<br \/>\nYT1131-30 kom 8 mm<br \/>\nYT170-25 kom 8 mm<br \/>\nYT1119-20 kom 7 mm<br \/>\nYT0194-30 kom 9 mm<br \/>\nYT174-90 kom 6 mm<br \/>\nYT1184-15 kom 8 mm<br \/>\nYT1117-25 kom 8 mm<br \/>\nYT1118-25 kom 9 mm<br \/>\nYT1116-20 kom 9 mm<br \/>\nYT3122-50 kom 5 mm<br \/>\nYT0119-50 kom 7 mm<br \/>\nYT0137-30 kom 6 mm<br \/>\nYT180-90 kom 6 mm<br \/>\nYT1113-30 kom 10 mm<br \/>\nYT101-70 kom 7 mm<\/p>\n","protected":false},"featured_media":793055565,"comment_status":"open","ping_status":"closed","template":"","meta":{"_acf_changed":false,"inline_featured_image":false},"product_brand":[],"product_cat":[24],"product_tag":[],"class_list":{"0":"post-793055563","1":"product","2":"type-product","3":"status-publish","4":"has-post-thumbnail","6":"product_cat-kopce-vijci-cepovi","8":"first","9":"instock","10":"taxable","11":"shipping-taxable","12":"purchasable","13":"product-type-simple"},"acf":[],"custom_product_id":"15317","_links":{"self":[{"href":"https:\/\/autostil.ba\/maloprodaja\/wp-json\/wp\/v2\/product\/793055563","targetHints":{"allow":["GET"]}}],"collection":[{"href":"https:\/\/autostil.ba\/maloprodaja\/wp-json\/wp\/v2\/product"}],"about":[{"href":"https:\/\/autostil.ba\/maloprodaja\/wp-json\/wp\/v2\/types\/product"}],"replies":[{"embeddable":true,"href":"https:\/\/autostil.ba\/maloprodaja\/wp-json\/wp\/v2\/comments?post=793055563"}],"version-history":[{"count":1,"href":"https:\/\/autostil.ba\/maloprodaja\/wp-json\/wp\/v2\/product\/793055563\/revisions"}],"predecessor-version":[{"id":793055564,"href":"https:\/\/autostil.ba\/maloprodaja\/wp-json\/wp\/v2\/product\/793055563\/revisions\/793055564"}],"wp:featuredmedia":[{"embeddable":true,"href":"https:\/\/autostil.ba\/maloprodaja\/wp-json\/wp\/v2\/media\/793055565"}],"wp:attachment":[{"href":"https:\/\/autostil.ba\/maloprodaja\/wp-json\/wp\/v2\/media?parent=793055563"}],"wp:term":[{"taxonomy":"product_brand","embeddable":true,"href":"https:\/\/autostil.ba\/maloprodaja\/wp-json\/wp\/v2\/product_brand?post=793055563"},{"taxonomy":"product_cat","embeddable":true,"href":"https:\/\/autostil.ba\/maloprodaja\/wp-json\/wp\/v2\/product_cat?post=793055563"},{"taxonomy":"product_tag","embeddable":true,"href":"https:\/\/autostil.ba\/maloprodaja\/wp-json\/wp\/v2\/product_tag?post=793055563"}],"curies":[{"name":"wp","href":"https:\/\/api.w.org\/{rel}","templated":true}]}}