{"id":793055559,"date":"2026-03-20T13:54:53","date_gmt":"2026-03-20T11:54:53","guid":{"rendered":"https:\/\/autostil.ba\/maloprodaja\/?post_type=product&#038;p=793055559"},"modified":"2026-04-08T12:48:22","modified_gmt":"2026-04-08T10:48:22","slug":"set-kopci-za-auto-tapacirunge-100-1","status":"publish","type":"product","link":"https:\/\/autostil.ba\/maloprodaja\/proizvod\/15318\/set-kopci-za-auto-tapacirunge-100-1\/","title":{"rendered":"SET KOP\u010cI ZA AUTO TAPACIRUNGE 100\/1"},"content":{"rendered":"","protected":false},"excerpt":{"rendered":"<p><strong>Opis proizvoda:<\/strong><\/p>\n<p>Univerzalni set od 100 komada raznih kop\u010di, igala, auto kop\u010di za pri\u010dvr\u0161\u0107ivanje tapaciranog namje\u0161taja u automobilu, blatobrana, branika, vrata.<\/p>\n<p>Set uklju\u010duje standardne veli\u010dine koje se koriste na ve\u0107ini automobila i kombija.<\/p>\n<p><strong>Karakteristike i specifikacije proizvoda:<\/strong><\/p>\n<p>Set od 100 univerzalnih auto kop\u010di.<br \/>\nSet od 6 najpopularnijih vrsta igala (10 \/ 20 svaka).<br \/>\nKompaktna kutija sa ozna\u010denim pretincima.<br \/>\nMaterijal: plastika<br \/>\nBoja: crna + bijela<br \/>\nPakovanje: plasti\u010dna kutija<\/p>\n","protected":false},"featured_media":793055561,"comment_status":"open","ping_status":"closed","template":"","meta":{"_acf_changed":false,"inline_featured_image":false},"product_brand":[],"product_cat":[24],"product_tag":[],"class_list":{"0":"post-793055559","1":"product","2":"type-product","3":"status-publish","4":"has-post-thumbnail","6":"product_cat-kopce-vijci-cepovi","8":"first","9":"instock","10":"taxable","11":"shipping-taxable","12":"purchasable","13":"product-type-simple"},"acf":[],"custom_product_id":"15318","_links":{"self":[{"href":"https:\/\/autostil.ba\/maloprodaja\/wp-json\/wp\/v2\/product\/793055559","targetHints":{"allow":["GET"]}}],"collection":[{"href":"https:\/\/autostil.ba\/maloprodaja\/wp-json\/wp\/v2\/product"}],"about":[{"href":"https:\/\/autostil.ba\/maloprodaja\/wp-json\/wp\/v2\/types\/product"}],"replies":[{"embeddable":true,"href":"https:\/\/autostil.ba\/maloprodaja\/wp-json\/wp\/v2\/comments?post=793055559"}],"version-history":[{"count":1,"href":"https:\/\/autostil.ba\/maloprodaja\/wp-json\/wp\/v2\/product\/793055559\/revisions"}],"predecessor-version":[{"id":793055560,"href":"https:\/\/autostil.ba\/maloprodaja\/wp-json\/wp\/v2\/product\/793055559\/revisions\/793055560"}],"wp:featuredmedia":[{"embeddable":true,"href":"https:\/\/autostil.ba\/maloprodaja\/wp-json\/wp\/v2\/media\/793055561"}],"wp:attachment":[{"href":"https:\/\/autostil.ba\/maloprodaja\/wp-json\/wp\/v2\/media?parent=793055559"}],"wp:term":[{"taxonomy":"product_brand","embeddable":true,"href":"https:\/\/autostil.ba\/maloprodaja\/wp-json\/wp\/v2\/product_brand?post=793055559"},{"taxonomy":"product_cat","embeddable":true,"href":"https:\/\/autostil.ba\/maloprodaja\/wp-json\/wp\/v2\/product_cat?post=793055559"},{"taxonomy":"product_tag","embeddable":true,"href":"https:\/\/autostil.ba\/maloprodaja\/wp-json\/wp\/v2\/product_tag?post=793055559"}],"curies":[{"name":"wp","href":"https:\/\/api.w.org\/{rel}","templated":true}]}}