{"id":793055555,"date":"2025-12-01T18:06:04","date_gmt":"2025-12-01T16:06:04","guid":{"rendered":"https:\/\/autostil.ba\/maloprodaja\/?post_type=product&#038;p=793055555"},"modified":"2026-04-08T12:48:22","modified_gmt":"2026-04-08T10:48:22","slug":"balast-za-xenon-univerzalni-d1s","status":"publish","type":"product","link":"https:\/\/autostil.ba\/maloprodaja\/proizvod\/15319\/balast-za-xenon-univerzalni-d1s\/","title":{"rendered":"BALAST ZA XENON UNIVERZALNI (D1S)"},"content":{"rendered":"","protected":false},"excerpt":{"rendered":"<p><strong>Opis proizvoda:<\/strong><\/p>\n<p>Profesionalni balast za xenon sijalice 35W. Namijenjen za automobile opremljene CAN busom i bez njega. Vrlo dobro radi s ra\u010dunarima automobila, izbjegavaju\u0107i pregorijevanje sijalice ili nestanak struje. Mo\u017ee se koristiti u automobilima opremljenim 12\/24V instalacijom.<\/p>\n<p><strong>Potpuna specifikacija:<\/strong><\/p>\n<p>Ulazni napon: 9-36V<\/p>\n<p>Izlazni napon: 85V<\/p>\n<p>Izlazna snaga: 35W<\/p>\n<p>Potro\u0161nja struje: 3,2A<\/p>\n<p>Radna temperatura: -40\u00b0C &#8211; +105\u00b0C<\/p>\n<p>Tehnologija: Digitalna, CANBUS<\/p>\n<p>Dimenzije: 90 x 72 x 27mm.<\/p>\n","protected":false},"featured_media":793055557,"comment_status":"open","ping_status":"closed","template":"","meta":{"_acf_changed":false,"inline_featured_image":false},"product_brand":[],"product_cat":[56],"product_tag":[],"class_list":{"0":"post-793055555","1":"product","2":"type-product","3":"status-publish","4":"has-post-thumbnail","6":"product_cat-balasti-za-xenonsku-rasvjetu","8":"first","9":"instock","10":"taxable","11":"shipping-taxable","12":"purchasable","13":"product-type-simple"},"acf":[],"custom_product_id":"15319","_links":{"self":[{"href":"https:\/\/autostil.ba\/maloprodaja\/wp-json\/wp\/v2\/product\/793055555","targetHints":{"allow":["GET"]}}],"collection":[{"href":"https:\/\/autostil.ba\/maloprodaja\/wp-json\/wp\/v2\/product"}],"about":[{"href":"https:\/\/autostil.ba\/maloprodaja\/wp-json\/wp\/v2\/types\/product"}],"replies":[{"embeddable":true,"href":"https:\/\/autostil.ba\/maloprodaja\/wp-json\/wp\/v2\/comments?post=793055555"}],"version-history":[{"count":1,"href":"https:\/\/autostil.ba\/maloprodaja\/wp-json\/wp\/v2\/product\/793055555\/revisions"}],"predecessor-version":[{"id":793055556,"href":"https:\/\/autostil.ba\/maloprodaja\/wp-json\/wp\/v2\/product\/793055555\/revisions\/793055556"}],"wp:featuredmedia":[{"embeddable":true,"href":"https:\/\/autostil.ba\/maloprodaja\/wp-json\/wp\/v2\/media\/793055557"}],"wp:attachment":[{"href":"https:\/\/autostil.ba\/maloprodaja\/wp-json\/wp\/v2\/media?parent=793055555"}],"wp:term":[{"taxonomy":"product_brand","embeddable":true,"href":"https:\/\/autostil.ba\/maloprodaja\/wp-json\/wp\/v2\/product_brand?post=793055555"},{"taxonomy":"product_cat","embeddable":true,"href":"https:\/\/autostil.ba\/maloprodaja\/wp-json\/wp\/v2\/product_cat?post=793055555"},{"taxonomy":"product_tag","embeddable":true,"href":"https:\/\/autostil.ba\/maloprodaja\/wp-json\/wp\/v2\/product_tag?post=793055555"}],"curies":[{"name":"wp","href":"https:\/\/api.w.org\/{rel}","templated":true}]}}