{"id":793055532,"date":"2025-12-01T18:54:45","date_gmt":"2025-12-01T16:54:45","guid":{"rendered":"https:\/\/autostil.ba\/maloprodaja\/?post_type=product&#038;p=793055532"},"modified":"2026-04-08T12:48:23","modified_gmt":"2026-04-08T10:48:23","slug":"parking-senzori-crni-nadgradni-sa-zvukom-4-senzora-amio","status":"publish","type":"product","link":"https:\/\/autostil.ba\/maloprodaja\/proizvod\/15326\/parking-senzori-crni-nadgradni-sa-zvukom-4-senzora-amio\/","title":{"rendered":"PARKING SENZORI CRNI NADGRADNI SA ZVUKOM (4 SENZORA) AMIO"},"content":{"rendered":"","protected":false},"excerpt":{"rendered":"<p><strong>Opis proizvoda:<\/strong><\/p>\n<p>Sistem za pomo\u0107 pri parkiranju je ure\u0111aj koji podr\u017eava parkiranje i vo\u017enju automobila unazad. Radi na principu sonara &#8211; emituje ultrazvu\u010dne talase koji nam omogu\u0107avaju, nakon refleksije od prepreke, da zaklju\u010dimo koja je udaljenost izme\u0111u automobila i prepreke. U trenutku povla\u010denja, ure\u0111aj ispravno detektuje prepreke i upozorava voza\u010da.<\/p>\n<p>Zujalica mo\u017ee raditi u 3 zvu\u010dna re\u017eima: visok, nizak i potpuno tih. Promjena re\u017eima se vr\u0161i pomo\u0107u malog prekida\u010da u ku\u0107i\u0161tu.<\/p>\n<p>Crni TRUCK AMiO parking senzor. Ima monta\u017enu bazu pri\u010dvr\u0161\u0107enu za branik. Mo\u017ee se koristiti bez baze za branik zaobljenog profila. Senzor odgovara svim AMiO parking setovima.<\/p>\n<p>Dimenzije senzora: 63 x 30 x 32 mm<\/p>\n<p><strong>Set uklju\u010duje:<\/strong><\/p>\n<ul>\n<li>4 crna senzora \u00f8 19 mm TRUCK<\/li>\n<li>zujalica &#8211; emituje zvu\u010dne signale<\/li>\n<li>glavnu jedinicu<\/li>\n<li>uputstvo za upotrebu<\/li>\n<\/ul>\n<p><strong>Potpuna specifikacija:<\/strong><\/p>\n<p>Domet\/radna osjetljivost: 0-2,5 m<\/p>\n<p>Napajanje: 12V<\/p>\n<p>Radna frekvencija: 40KHz<\/p>\n<p>Radna temperatura: -30 \u00b0C &#8211; +70 \u00b0C.<\/p>\n","protected":false},"featured_media":793055534,"comment_status":"open","ping_status":"closed","template":"","meta":{"_acf_changed":false,"inline_featured_image":false},"product_brand":[],"product_cat":[137],"product_tag":[],"class_list":{"0":"post-793055532","1":"product","2":"type-product","3":"status-publish","4":"has-post-thumbnail","6":"product_cat-parking-senzori","8":"first","9":"instock","10":"taxable","11":"shipping-taxable","12":"purchasable","13":"product-type-simple"},"acf":[],"custom_product_id":"15326","_links":{"self":[{"href":"https:\/\/autostil.ba\/maloprodaja\/wp-json\/wp\/v2\/product\/793055532","targetHints":{"allow":["GET"]}}],"collection":[{"href":"https:\/\/autostil.ba\/maloprodaja\/wp-json\/wp\/v2\/product"}],"about":[{"href":"https:\/\/autostil.ba\/maloprodaja\/wp-json\/wp\/v2\/types\/product"}],"replies":[{"embeddable":true,"href":"https:\/\/autostil.ba\/maloprodaja\/wp-json\/wp\/v2\/comments?post=793055532"}],"version-history":[{"count":1,"href":"https:\/\/autostil.ba\/maloprodaja\/wp-json\/wp\/v2\/product\/793055532\/revisions"}],"predecessor-version":[{"id":793055533,"href":"https:\/\/autostil.ba\/maloprodaja\/wp-json\/wp\/v2\/product\/793055532\/revisions\/793055533"}],"wp:featuredmedia":[{"embeddable":true,"href":"https:\/\/autostil.ba\/maloprodaja\/wp-json\/wp\/v2\/media\/793055534"}],"wp:attachment":[{"href":"https:\/\/autostil.ba\/maloprodaja\/wp-json\/wp\/v2\/media?parent=793055532"}],"wp:term":[{"taxonomy":"product_brand","embeddable":true,"href":"https:\/\/autostil.ba\/maloprodaja\/wp-json\/wp\/v2\/product_brand?post=793055532"},{"taxonomy":"product_cat","embeddable":true,"href":"https:\/\/autostil.ba\/maloprodaja\/wp-json\/wp\/v2\/product_cat?post=793055532"},{"taxonomy":"product_tag","embeddable":true,"href":"https:\/\/autostil.ba\/maloprodaja\/wp-json\/wp\/v2\/product_tag?post=793055532"}],"curies":[{"name":"wp","href":"https:\/\/api.w.org\/{rel}","templated":true}]}}