{"id":793055526,"date":"2025-12-01T19:02:59","date_gmt":"2025-12-01T17:02:59","guid":{"rendered":"https:\/\/autostil.ba\/maloprodaja\/?post_type=product&#038;p=793055526"},"modified":"2026-04-08T12:48:29","modified_gmt":"2026-04-08T10:48:29","slug":"punjac-za-telefon-bezicni-15w","status":"publish","type":"product","link":"https:\/\/autostil.ba\/maloprodaja\/proizvod\/15328\/punjac-za-telefon-bezicni-15w\/","title":{"rendered":"PUNJA\u010c ZA TELEFON BE\u017dI\u010cNI 15W"},"content":{"rendered":"","protected":false},"excerpt":{"rendered":"<p><strong>Opis proizvoda:<\/strong><\/p>\n<p>AMiO 15W 3A QC INDUCT FREE PUNJA\u010c sa USB-A portom<\/p>\n<p>Idealan za automobil, dom ili posao.<\/p>\n<p>Omogu\u0107ava sigurno i brzo punjenje bez potrebe za pam\u0107enjem kabla.<\/p>\n<p><strong>Parametri punja\u010da:<\/strong><\/p>\n<p>-Snaga: 15W<\/p>\n<p>-Izlazna struja: 3000 mA<\/p>\n<p>-Du\u017eina kabla: 1m<\/p>\n<p>-Konektori: USB tip A<\/p>\n<p>-Boja: Crna<\/p>\n<p>-Dimenzije: 158x78mm<\/p>\n<p>-Materijal: silikon<\/p>\n<p>Quick Charge 3.0<\/p>\n<p>Omogu\u0107ava bateriji da se potpuno napuni u kratkom vremenskom periodu, dok glatko prilago\u0111avanje napona ure\u0111aju \u0161titi od prekomjernog punjenja.<\/p>\n<p>Punja\u010d podr\u017eava Qi standard punjenja, koji omogu\u0107ava be\u017ei\u010dni prijenos energije &#8211; \u010dine\u0107i brzo induktivno punjenje stvarno\u0161\u0107u. Ovaj punja\u010d omogu\u0107ava dopunjavanje energije snagom do 15W.<\/p>\n<p><strong>Karakteristike:<\/strong><\/p>\n<p>-Tehnologija brzog punjenja od 15W &#8211; punite svoj telefon do 60% br\u017ee od drugih standardnih punja\u010da zahvaljuju\u0107i podr\u0161ci ove tehnologije<\/p>\n<p>-Povezivanje putem USB kabla<\/p>\n<p>-2u1 &#8211; zahvaljuju\u0107i pametnom rje\u0161enju, punja\u010d djeluje i kao neklizaju\u0107i stalak i puni ure\u0111aj<\/p>\n<p>-LED svjetlo &#8211; zahvaljuju\u0107i LED svjetlu, uvijek znate da li je va\u0161 ure\u0111aj ispravno povezan i da li se puni<\/p>\n<p>-Silikonski nosa\u010d &#8211; silikonski nosa\u010d \u0161titi va\u0161 sto, unutra\u0161njost va\u0161eg automobila i va\u0161 telefon od ogrebotina i klizanja te osigurava stabilnije prianjanje<\/p>\n<p>-Sve \u0161to vam je potrebno uklju\u010deno &#8211; punja\u010du se dodaje USB Type-C kabl od 100 cm.<\/p>\n<p>-Futrola ne ometa punjenje (ako nema metalnih dijelova).<\/p>\n","protected":false},"featured_media":793055528,"comment_status":"open","ping_status":"closed","template":"","meta":{"_acf_changed":false,"inline_featured_image":false},"product_brand":[],"product_cat":[185],"product_tag":[],"class_list":{"0":"post-793055526","1":"product","2":"type-product","3":"status-publish","4":"has-post-thumbnail","6":"product_cat-punjaci-za-telefone-i-ostala-oprema","8":"first","9":"instock","10":"taxable","11":"shipping-taxable","12":"purchasable","13":"product-type-simple"},"acf":[],"custom_product_id":"15328","_links":{"self":[{"href":"https:\/\/autostil.ba\/maloprodaja\/wp-json\/wp\/v2\/product\/793055526","targetHints":{"allow":["GET"]}}],"collection":[{"href":"https:\/\/autostil.ba\/maloprodaja\/wp-json\/wp\/v2\/product"}],"about":[{"href":"https:\/\/autostil.ba\/maloprodaja\/wp-json\/wp\/v2\/types\/product"}],"replies":[{"embeddable":true,"href":"https:\/\/autostil.ba\/maloprodaja\/wp-json\/wp\/v2\/comments?post=793055526"}],"version-history":[{"count":1,"href":"https:\/\/autostil.ba\/maloprodaja\/wp-json\/wp\/v2\/product\/793055526\/revisions"}],"predecessor-version":[{"id":793055527,"href":"https:\/\/autostil.ba\/maloprodaja\/wp-json\/wp\/v2\/product\/793055526\/revisions\/793055527"}],"wp:featuredmedia":[{"embeddable":true,"href":"https:\/\/autostil.ba\/maloprodaja\/wp-json\/wp\/v2\/media\/793055528"}],"wp:attachment":[{"href":"https:\/\/autostil.ba\/maloprodaja\/wp-json\/wp\/v2\/media?parent=793055526"}],"wp:term":[{"taxonomy":"product_brand","embeddable":true,"href":"https:\/\/autostil.ba\/maloprodaja\/wp-json\/wp\/v2\/product_brand?post=793055526"},{"taxonomy":"product_cat","embeddable":true,"href":"https:\/\/autostil.ba\/maloprodaja\/wp-json\/wp\/v2\/product_cat?post=793055526"},{"taxonomy":"product_tag","embeddable":true,"href":"https:\/\/autostil.ba\/maloprodaja\/wp-json\/wp\/v2\/product_tag?post=793055526"}],"curies":[{"name":"wp","href":"https:\/\/api.w.org\/{rel}","templated":true}]}}