{"id":793055521,"date":"2025-12-01T19:12:51","date_gmt":"2025-12-01T17:12:51","guid":{"rendered":"https:\/\/autostil.ba\/maloprodaja\/?post_type=product&#038;p=793055521"},"modified":"2026-04-08T12:48:29","modified_gmt":"2026-04-08T10:48:29","slug":"mjerac-pritiska-u-gumama-digitalni-10-bar","status":"publish","type":"product","link":"https:\/\/autostil.ba\/maloprodaja\/proizvod\/15329\/mjerac-pritiska-u-gumama-digitalni-10-bar\/","title":{"rendered":"MJERA\u010c PRITISKA U GUMAMA DIGITALNI (10 bar)"},"content":{"rendered":"","protected":false},"excerpt":{"rendered":"<p><strong>Opis proizvoda:<\/strong><\/p>\n<p>Vrhunski digitalni mjera\u010d pritiska u gumama za automobile, motocikle itd.<\/p>\n<p>Prilago\u0111en standardnim ventilima automobila.<\/p>\n<p><strong>KARAKTERISTIKE:<\/strong><\/p>\n<p>Zamjenjive, litijumske baterije LR44 &#8211; 2 kom (uklju\u010dene).<br \/>\nMjerni raspon 0,3\u201310 bara, 3\u2013150 psi<br \/>\nNije potrebna kalibracija.<br \/>\nOdli\u010dna ponovljivost mjerenja, nedosti\u017ena s analognim mjera\u010dima pritiska.<br \/>\nDigitalni, lako \u010ditljiv ekran.<br \/>\nSpecijalni profil za jednostavno mjerenje, \u010dak i na nestandardnim aluminijskim felgama.<br \/>\nVisoka ta\u010dnost kalibracije mjerenja +\/- 2%.<br \/>\nU\u0161teda energije.<br \/>\nPonu\u0111eni mjera\u010d pritiska ima 3 razli\u010dite mjerne jedinice za pritisak u gumama &#8211; psi, bar.<\/p>\n<p>Provjerite preporu\u010dene specifikacije pritiska u gumama proizvo\u0111a\u010da.<\/p>\n<p>Pritisnite dugme ON. Na ekranu \u0107e se prikazati 8,8,8 zajedno s 4 jedinice: psi, bar, kpa i kg\/cm2.<br \/>\nSljede\u0107i korak \u0107e prikazati 0,0 psi ili 0,00 bara ili 0,00 kg\/cm2 ili 0 kpa.<br \/>\nSada mo\u017eete pritisnuti dugme ON da biste promijenili jedinice (psi&gt;bar&gt;kpa&gt;kg\/cm2).<br \/>\nPostavite mlaznicu mjera\u010da na ventil gume. \u010cvrsto pritisnite kako biste bili sigurni da ne izlazi zrak. Sa\u010dekajte 1-2 sekunde, skinite mlaznicu s ventila i o\u010ditajte pritisak u gumi na LCD ekranu. Ponovite postupak na ostalim gumama.<br \/>\nEkran \u0107e ostati osvijetljen s o\u010ditanjem pritiska otprilike 20 sekundi. Mjera\u010d pritiska \u0107e se zatim automatski isklju\u010diti radi u\u0161tede energije.<br \/>\nMjera\u010d pritiska se mo\u017ee ru\u010dno isklju\u010diti pritiskom na dugme ON otprilike 3 sekunde.<\/p>\n<p><strong>NAPOMENA:<\/strong> Mo\u017eete nastaviti koristiti manometar \u010dak i ako je prethodno o\u010ditanje i dalje prikazano.<\/p>\n<p>Ako na ekranu primijetite simbol slabe baterije &#8211; Napajanje je ispra\u017enjeno.<br \/>\nAko primijetite neuobi\u010dajeno nisko o\u010ditanje: Uvjerite se da ne \u010dujete zvuk izlaska zraka. Tako\u0111er provjerite je li manometar pravilno postavljen na ventil.<br \/>\nAko je pritisak u gumi previsok u bilo kojoj gumi, polako ispuhnite gumu laganim pritiskom na ventil gume rubom manometra.<br \/>\nZa \u010di\u0161\u0107enje manometra koristite meku, vla\u017enu krpu. Nemojte ga uranjati u vodu niti prskati vodom ili bilo kojim drugim teku\u0107im sredstvom za \u010di\u0161\u0107enje.<\/p>\n<p><strong>UPOZORENJE:<\/strong> Za najbolje rezultate, provjeravajte tlak u gumama kada su gume hladne. Dugotrajna vo\u017enja velikim brzinama mo\u017ee uzrokovati porast tlaka u gumama. O\u010ditavanje tlaka u ovom trenutku mo\u017ee dati la\u017ean rezultat. Provjeravajte tlak u gumama barem jednom tjedno i po potrebi dopunjavajte zrak. Za preporu\u010dene tlakove u gumama pogledajte uputstvo za upotrebu va\u0161eg automobila. Ovaj mjera\u010d je namijenjen kao vodi\u010d za odre\u0111ivanje pada tlaka u gumama. Samo napredni i redovno kalibrirani mjerni ure\u0111aji mogu pru\u017eiti potpuno ta\u010dna o\u010ditanja.<\/p>\n","protected":false},"featured_media":793055523,"comment_status":"open","ping_status":"closed","template":"","meta":{"_acf_changed":false,"inline_featured_image":false},"product_brand":[],"product_cat":[143],"product_tag":[],"class_list":{"0":"post-793055521","1":"product","2":"type-product","3":"status-publish","4":"has-post-thumbnail","6":"product_cat-sredstva-za-odrzavanje-pneumatika","8":"first","9":"instock","10":"taxable","11":"shipping-taxable","12":"purchasable","13":"product-type-simple"},"acf":[],"custom_product_id":"15329","_links":{"self":[{"href":"https:\/\/autostil.ba\/maloprodaja\/wp-json\/wp\/v2\/product\/793055521","targetHints":{"allow":["GET"]}}],"collection":[{"href":"https:\/\/autostil.ba\/maloprodaja\/wp-json\/wp\/v2\/product"}],"about":[{"href":"https:\/\/autostil.ba\/maloprodaja\/wp-json\/wp\/v2\/types\/product"}],"replies":[{"embeddable":true,"href":"https:\/\/autostil.ba\/maloprodaja\/wp-json\/wp\/v2\/comments?post=793055521"}],"version-history":[{"count":1,"href":"https:\/\/autostil.ba\/maloprodaja\/wp-json\/wp\/v2\/product\/793055521\/revisions"}],"predecessor-version":[{"id":793055522,"href":"https:\/\/autostil.ba\/maloprodaja\/wp-json\/wp\/v2\/product\/793055521\/revisions\/793055522"}],"wp:featuredmedia":[{"embeddable":true,"href":"https:\/\/autostil.ba\/maloprodaja\/wp-json\/wp\/v2\/media\/793055523"}],"wp:attachment":[{"href":"https:\/\/autostil.ba\/maloprodaja\/wp-json\/wp\/v2\/media?parent=793055521"}],"wp:term":[{"taxonomy":"product_brand","embeddable":true,"href":"https:\/\/autostil.ba\/maloprodaja\/wp-json\/wp\/v2\/product_brand?post=793055521"},{"taxonomy":"product_cat","embeddable":true,"href":"https:\/\/autostil.ba\/maloprodaja\/wp-json\/wp\/v2\/product_cat?post=793055521"},{"taxonomy":"product_tag","embeddable":true,"href":"https:\/\/autostil.ba\/maloprodaja\/wp-json\/wp\/v2\/product_tag?post=793055521"}],"curies":[{"name":"wp","href":"https:\/\/api.w.org\/{rel}","templated":true}]}}