{"id":793055260,"date":"2025-11-11T13:11:49","date_gmt":"2025-11-11T11:11:49","guid":{"rendered":"https:\/\/autostil.ba\/maloprodaja\/?post_type=product&#038;p=793055260"},"modified":"2026-04-08T11:40:18","modified_gmt":"2026-04-08T09:40:18","slug":"nosac-za-skije-magnetni-menabo-igloo-2-para-skija","status":"publish","type":"product","link":"https:\/\/autostil.ba\/maloprodaja\/proizvod\/11520\/nosac-za-skije-magnetni-menabo-igloo-2-para-skija\/","title":{"rendered":"NOSA\u010c ZA SKIJE MAGNETNI MENABO IGLOO-2 PARA SKIJA"},"content":{"rendered":"","protected":false},"excerpt":{"rendered":"<p>NOSA\u010c ZA SKIJE MAGNETNI MENABO IGLOO-2 PARA SKIJA Prtljag za avanturu na padini je spreman i mo\u017eete bezbedno doc\u0301i do planine koristec\u0301i Menabo Igloo podr\u0161ku. Mo\u017eete bezbedno da transportujete 2 para skija uz pomoc\u0301 Igloo magnetnog nosa\u010da. Monta\u017ea Menabo nosa\u010da se vr\u0161i pomoc\u0301u specijalnog magnetnog sistema koji je pri\u010dvr\u0161c\u0301en za krov automobila. Menabo Igloo podr\u0161ka je testirana i Citi Crash sertifikovan. Tehni\u010dke specifikacije \u2013 podr\u017eava 2 para skija \u2013 brza monta\u017ea na krov automobila \u2013 oslonac ima gumeni \u0111on i jak magnet koji obezbe\u0111uje \u010dvrstu fiksaciju bez ogrebotina i gumene trake za dr\u017eanje skija \u2013 u skladu sa TUV normama, ISO \/ PAS 11154: 2006, DIN 75302 \u2013 testiran Citi Crash \u2013 max. preporu\u010dena brzina do 130 km\/h. Proizvod nije kompatibilan sa va\u0161im automobilom ako: \u2013 imate krovni otvor ili panoramski plafon \u2013 plafon nije metalan \u2013 plafon ima pruge ili neravnine<\/p>\n","protected":false},"featured_media":793055261,"comment_status":"open","ping_status":"closed","template":"","meta":{"_acf_changed":false,"inline_featured_image":false},"product_brand":[],"product_cat":[167,194],"product_tag":[],"class_list":{"0":"post-793055260","1":"product","2":"type-product","3":"status-publish","4":"has-post-thumbnail","6":"product_cat-nosaci-za-skije-snowboard","7":"product_cat-nosaci-za-skije-i-snowboard","9":"first","10":"instock","11":"taxable","12":"shipping-taxable","13":"purchasable","14":"product-type-simple"},"acf":[],"custom_product_id":"11520","_links":{"self":[{"href":"https:\/\/autostil.ba\/maloprodaja\/wp-json\/wp\/v2\/product\/793055260","targetHints":{"allow":["GET"]}}],"collection":[{"href":"https:\/\/autostil.ba\/maloprodaja\/wp-json\/wp\/v2\/product"}],"about":[{"href":"https:\/\/autostil.ba\/maloprodaja\/wp-json\/wp\/v2\/types\/product"}],"replies":[{"embeddable":true,"href":"https:\/\/autostil.ba\/maloprodaja\/wp-json\/wp\/v2\/comments?post=793055260"}],"version-history":[{"count":1,"href":"https:\/\/autostil.ba\/maloprodaja\/wp-json\/wp\/v2\/product\/793055260\/revisions"}],"predecessor-version":[{"id":793055262,"href":"https:\/\/autostil.ba\/maloprodaja\/wp-json\/wp\/v2\/product\/793055260\/revisions\/793055262"}],"wp:featuredmedia":[{"embeddable":true,"href":"https:\/\/autostil.ba\/maloprodaja\/wp-json\/wp\/v2\/media\/793055261"}],"wp:attachment":[{"href":"https:\/\/autostil.ba\/maloprodaja\/wp-json\/wp\/v2\/media?parent=793055260"}],"wp:term":[{"taxonomy":"product_brand","embeddable":true,"href":"https:\/\/autostil.ba\/maloprodaja\/wp-json\/wp\/v2\/product_brand?post=793055260"},{"taxonomy":"product_cat","embeddable":true,"href":"https:\/\/autostil.ba\/maloprodaja\/wp-json\/wp\/v2\/product_cat?post=793055260"},{"taxonomy":"product_tag","embeddable":true,"href":"https:\/\/autostil.ba\/maloprodaja\/wp-json\/wp\/v2\/product_tag?post=793055260"}],"curies":[{"name":"wp","href":"https:\/\/api.w.org\/{rel}","templated":true}]}}