{"id":793054843,"date":"2025-10-17T08:56:29","date_gmt":"2025-10-17T06:56:29","guid":{"rendered":"https:\/\/autostil.ba\/maloprodaja\/?post_type=product&#038;p=793054843"},"modified":"2026-04-08T12:47:46","modified_gmt":"2026-04-08T10:47:46","slug":"krovni-nosac-g3-dacia-duster-rails-5p-2024-aluminijumske-sipke","status":"publish","type":"product","link":"https:\/\/autostil.ba\/maloprodaja\/proizvod\/15266\/krovni-nosac-g3-dacia-duster-rails-5p-2024-aluminijumske-sipke\/","title":{"rendered":"KROVNI NOSA\u010c G3 DACIA DUSTER (RAILS) 5P 2024-&gt; (ALUMINIJUMSKE \u0160IPKE)"},"content":{"rendered":"","protected":false},"excerpt":{"rendered":"<p>Dimenzije \u0161ipke: Du\u017eina 1270mm; \u0160irina 53mm; Visina 27mm<\/p>\n<p>Materijal: Aluminijum<\/p>\n<p>Max. ukupno optere\u0107enje: 75kg<\/p>\n<p>Sa sigurnosnom bravicom.<\/p>\n","protected":false},"featured_media":793054845,"comment_status":"open","ping_status":"closed","template":"","meta":{"_acf_changed":false,"inline_featured_image":false},"product_brand":[],"product_cat":[134],"product_tag":[],"class_list":{"0":"post-793054843","1":"product","2":"type-product","3":"status-publish","4":"has-post-thumbnail","6":"product_cat-krovni-nosaci-tipski","8":"first","9":"instock","10":"taxable","11":"shipping-taxable","12":"purchasable","13":"product-type-simple"},"acf":[],"custom_product_id":"15266","_links":{"self":[{"href":"https:\/\/autostil.ba\/maloprodaja\/wp-json\/wp\/v2\/product\/793054843","targetHints":{"allow":["GET"]}}],"collection":[{"href":"https:\/\/autostil.ba\/maloprodaja\/wp-json\/wp\/v2\/product"}],"about":[{"href":"https:\/\/autostil.ba\/maloprodaja\/wp-json\/wp\/v2\/types\/product"}],"replies":[{"embeddable":true,"href":"https:\/\/autostil.ba\/maloprodaja\/wp-json\/wp\/v2\/comments?post=793054843"}],"version-history":[{"count":1,"href":"https:\/\/autostil.ba\/maloprodaja\/wp-json\/wp\/v2\/product\/793054843\/revisions"}],"predecessor-version":[{"id":793054844,"href":"https:\/\/autostil.ba\/maloprodaja\/wp-json\/wp\/v2\/product\/793054843\/revisions\/793054844"}],"wp:featuredmedia":[{"embeddable":true,"href":"https:\/\/autostil.ba\/maloprodaja\/wp-json\/wp\/v2\/media\/793054845"}],"wp:attachment":[{"href":"https:\/\/autostil.ba\/maloprodaja\/wp-json\/wp\/v2\/media?parent=793054843"}],"wp:term":[{"taxonomy":"product_brand","embeddable":true,"href":"https:\/\/autostil.ba\/maloprodaja\/wp-json\/wp\/v2\/product_brand?post=793054843"},{"taxonomy":"product_cat","embeddable":true,"href":"https:\/\/autostil.ba\/maloprodaja\/wp-json\/wp\/v2\/product_cat?post=793054843"},{"taxonomy":"product_tag","embeddable":true,"href":"https:\/\/autostil.ba\/maloprodaja\/wp-json\/wp\/v2\/product_tag?post=793054843"}],"curies":[{"name":"wp","href":"https:\/\/api.w.org\/{rel}","templated":true}]}}