{"id":793054457,"date":"2025-10-11T13:46:03","date_gmt":"2025-10-11T11:46:03","guid":{"rendered":"https:\/\/autostil.ba\/maloprodaja\/?post_type=product&#038;p=793054457"},"modified":"2026-04-28T21:58:31","modified_gmt":"2026-04-28T19:58:31","slug":"detailing-x-pjenasti-aplikator","status":"publish","type":"product","link":"https:\/\/autostil.ba\/maloprodaja\/proizvod\/15240\/detailing-x-pjenasti-aplikator\/","title":{"rendered":"DETAILING X-PJENASTI APLIKATOR"},"content":{"rendered":"","protected":false},"excerpt":{"rendered":"<p>X-FOAM PAD je izdr\u017eljiv aplikator napravljen od guste poliuretanske pjene, idealan za precizno nano\u0161enje voskova, premaza, politura i lakova.<br \/>\nNjegova struktura je nje\u017ena prema povr\u0161inama gdje nema mjesta ogrebotinama, osiguravaju\u0107i sigurnu primjenu na boji, gumi, plastici, ko\u017ei i vinilu.<br \/>\nNjegov udoban oblik olak\u0161ava ravnomjernu raspodjelu proizvoda. Aplikator je izdr\u017eljiv i otporan na o\u0161te\u0107enja, osiguravaju\u0107i dugotrajnu upotrebu.<\/p>\n","protected":false},"featured_media":793054459,"comment_status":"open","ping_status":"closed","template":"","meta":{"_acf_changed":false,"inline_featured_image":false},"product_brand":[],"product_cat":[164],"product_tag":[],"class_list":{"0":"post-793054457","1":"product","2":"type-product","3":"status-publish","4":"has-post-thumbnail","6":"product_cat-car-detailing","8":"first","9":"instock","10":"taxable","11":"shipping-taxable","12":"purchasable","13":"product-type-simple"},"acf":[],"custom_product_id":"15240","_links":{"self":[{"href":"https:\/\/autostil.ba\/maloprodaja\/wp-json\/wp\/v2\/product\/793054457","targetHints":{"allow":["GET"]}}],"collection":[{"href":"https:\/\/autostil.ba\/maloprodaja\/wp-json\/wp\/v2\/product"}],"about":[{"href":"https:\/\/autostil.ba\/maloprodaja\/wp-json\/wp\/v2\/types\/product"}],"replies":[{"embeddable":true,"href":"https:\/\/autostil.ba\/maloprodaja\/wp-json\/wp\/v2\/comments?post=793054457"}],"version-history":[{"count":1,"href":"https:\/\/autostil.ba\/maloprodaja\/wp-json\/wp\/v2\/product\/793054457\/revisions"}],"predecessor-version":[{"id":793054458,"href":"https:\/\/autostil.ba\/maloprodaja\/wp-json\/wp\/v2\/product\/793054457\/revisions\/793054458"}],"wp:featuredmedia":[{"embeddable":true,"href":"https:\/\/autostil.ba\/maloprodaja\/wp-json\/wp\/v2\/media\/793054459"}],"wp:attachment":[{"href":"https:\/\/autostil.ba\/maloprodaja\/wp-json\/wp\/v2\/media?parent=793054457"}],"wp:term":[{"taxonomy":"product_brand","embeddable":true,"href":"https:\/\/autostil.ba\/maloprodaja\/wp-json\/wp\/v2\/product_brand?post=793054457"},{"taxonomy":"product_cat","embeddable":true,"href":"https:\/\/autostil.ba\/maloprodaja\/wp-json\/wp\/v2\/product_cat?post=793054457"},{"taxonomy":"product_tag","embeddable":true,"href":"https:\/\/autostil.ba\/maloprodaja\/wp-json\/wp\/v2\/product_tag?post=793054457"}],"curies":[{"name":"wp","href":"https:\/\/api.w.org\/{rel}","templated":true}]}}