{"id":793054454,"date":"2025-10-11T13:47:49","date_gmt":"2025-10-11T11:47:49","guid":{"rendered":"https:\/\/autostil.ba\/maloprodaja\/?post_type=product&#038;p=793054454"},"modified":"2026-04-08T12:47:34","modified_gmt":"2026-04-08T10:47:34","slug":"detailing-krpa-mikrofiber-x-plush-siva-600-g-m2-40x60cm","status":"publish","type":"product","link":"https:\/\/autostil.ba\/maloprodaja\/proizvod\/15241\/detailing-krpa-mikrofiber-x-plush-siva-600-g-m2-40x60cm\/","title":{"rendered":"DETAILING KRPA MIKROFIBER X-PLUSH SIVA 600 g\/m2 40x60cm"},"content":{"rendered":"","protected":false},"excerpt":{"rendered":"<p>X-PLUSH ROYAL GREY je visokokvalitetna krpa od mikrovlakana dizajnirana za preciznu njegu automobila.<br \/>\nNjene kratke, guste \u010dekinje savr\u0161ene su za nano\u0161enje i poliranje premaza, voskova, brzih detalja i zavr\u0161nih polira. Njena mekana, pahuljasta i izuzetno upijaju\u0107a struktura nje\u017ena je prema laku, a istovremeno efikasno uklanja ne\u010disto\u0107e.<br \/>\nSigurni, pro\u0161iveni rubovi sprje\u010davaju ogrebotine, \u0161to je \u010dini idealnim alatom za \u010do\u0161\u0107enje laka i \u010di\u0161\u0107enje unutra\u0161njosti. Mikrovlakna su idealna za pranje bez vode, osiguravaju\u0107i \u010disto\u0107u bez tragova i tragova.<br \/>\nNjena velika veli\u010dina 40&#215;60 cm i te\u017eina 600 g\/m2 \u010dine je udobnom za upotrebu i izuzetno izdr\u017eljivom.<\/p>\n","protected":false},"featured_media":793054456,"comment_status":"open","ping_status":"closed","template":"","meta":{"_acf_changed":false,"inline_featured_image":false},"product_brand":[],"product_cat":[164],"product_tag":[],"class_list":{"0":"post-793054454","1":"product","2":"type-product","3":"status-publish","4":"has-post-thumbnail","6":"product_cat-car-detailing","8":"first","9":"instock","10":"taxable","11":"shipping-taxable","12":"purchasable","13":"product-type-simple"},"acf":[],"custom_product_id":"15241","_links":{"self":[{"href":"https:\/\/autostil.ba\/maloprodaja\/wp-json\/wp\/v2\/product\/793054454","targetHints":{"allow":["GET"]}}],"collection":[{"href":"https:\/\/autostil.ba\/maloprodaja\/wp-json\/wp\/v2\/product"}],"about":[{"href":"https:\/\/autostil.ba\/maloprodaja\/wp-json\/wp\/v2\/types\/product"}],"replies":[{"embeddable":true,"href":"https:\/\/autostil.ba\/maloprodaja\/wp-json\/wp\/v2\/comments?post=793054454"}],"version-history":[{"count":1,"href":"https:\/\/autostil.ba\/maloprodaja\/wp-json\/wp\/v2\/product\/793054454\/revisions"}],"predecessor-version":[{"id":793054455,"href":"https:\/\/autostil.ba\/maloprodaja\/wp-json\/wp\/v2\/product\/793054454\/revisions\/793054455"}],"wp:featuredmedia":[{"embeddable":true,"href":"https:\/\/autostil.ba\/maloprodaja\/wp-json\/wp\/v2\/media\/793054456"}],"wp:attachment":[{"href":"https:\/\/autostil.ba\/maloprodaja\/wp-json\/wp\/v2\/media?parent=793054454"}],"wp:term":[{"taxonomy":"product_brand","embeddable":true,"href":"https:\/\/autostil.ba\/maloprodaja\/wp-json\/wp\/v2\/product_brand?post=793054454"},{"taxonomy":"product_cat","embeddable":true,"href":"https:\/\/autostil.ba\/maloprodaja\/wp-json\/wp\/v2\/product_cat?post=793054454"},{"taxonomy":"product_tag","embeddable":true,"href":"https:\/\/autostil.ba\/maloprodaja\/wp-json\/wp\/v2\/product_tag?post=793054454"}],"curies":[{"name":"wp","href":"https:\/\/api.w.org\/{rel}","templated":true}]}}