{"id":793054451,"date":"2025-10-11T13:49:30","date_gmt":"2025-10-11T11:49:30","guid":{"rendered":"https:\/\/autostil.ba\/maloprodaja\/?post_type=product&#038;p=793054451"},"modified":"2026-04-08T12:47:34","modified_gmt":"2026-04-08T10:47:34","slug":"detailing-krpa-mikrofiber-x-plush-zelena-840-g-m2-40x40","status":"publish","type":"product","link":"https:\/\/autostil.ba\/maloprodaja\/proizvod\/15242\/detailing-krpa-mikrofiber-x-plush-zelena-840-g-m2-40x40\/","title":{"rendered":"DETAILING KRPA MIKROFIBER X-PLUSH ZELENA 840 g\/m2 40X40"},"content":{"rendered":"","protected":false},"excerpt":{"rendered":"<p>X-PLUSH GREEN 840 je izuzetno mekana i pahuljasta mikrofibra dizajnirana za savr\u0161enu njegu automobila. Duga, debela vlakna garantuju nje\u017enost, \u0161to je \u010dini idealnom za poliranje \u010dak i najosjetljivijeg laka.<br \/>\nTako\u0111er dobro funkcioni\u0161e za nano\u0161enje premaza na plastiku i poliranje, ostavljaju\u0107i povr\u0161ine \u010distima i bez tragova. Sigurni, pro\u0161iveni rubovi \u0161tite od slu\u010dajnih ogrebotina, \u0161to je \u010dini idealnim izborom za zahtjevne korisnike.<br \/>\nSa grama\u017eom od 840 g\/m2, mikrofibra je nevjerovatno upijaju\u0107a i u\u010dinkovita, dok njena kompaktna veli\u010dina 40&#215;40 cm osigurava jednostavnost kori\u0161tenja.<\/p>\n","protected":false},"featured_media":793054453,"comment_status":"open","ping_status":"closed","template":"","meta":{"_acf_changed":false,"inline_featured_image":false},"product_brand":[],"product_cat":[164],"product_tag":[],"class_list":{"0":"post-793054451","1":"product","2":"type-product","3":"status-publish","4":"has-post-thumbnail","6":"product_cat-car-detailing","8":"first","9":"instock","10":"taxable","11":"shipping-taxable","12":"purchasable","13":"product-type-simple"},"acf":[],"custom_product_id":"15242","_links":{"self":[{"href":"https:\/\/autostil.ba\/maloprodaja\/wp-json\/wp\/v2\/product\/793054451","targetHints":{"allow":["GET"]}}],"collection":[{"href":"https:\/\/autostil.ba\/maloprodaja\/wp-json\/wp\/v2\/product"}],"about":[{"href":"https:\/\/autostil.ba\/maloprodaja\/wp-json\/wp\/v2\/types\/product"}],"replies":[{"embeddable":true,"href":"https:\/\/autostil.ba\/maloprodaja\/wp-json\/wp\/v2\/comments?post=793054451"}],"version-history":[{"count":1,"href":"https:\/\/autostil.ba\/maloprodaja\/wp-json\/wp\/v2\/product\/793054451\/revisions"}],"predecessor-version":[{"id":793054452,"href":"https:\/\/autostil.ba\/maloprodaja\/wp-json\/wp\/v2\/product\/793054451\/revisions\/793054452"}],"wp:featuredmedia":[{"embeddable":true,"href":"https:\/\/autostil.ba\/maloprodaja\/wp-json\/wp\/v2\/media\/793054453"}],"wp:attachment":[{"href":"https:\/\/autostil.ba\/maloprodaja\/wp-json\/wp\/v2\/media?parent=793054451"}],"wp:term":[{"taxonomy":"product_brand","embeddable":true,"href":"https:\/\/autostil.ba\/maloprodaja\/wp-json\/wp\/v2\/product_brand?post=793054451"},{"taxonomy":"product_cat","embeddable":true,"href":"https:\/\/autostil.ba\/maloprodaja\/wp-json\/wp\/v2\/product_cat?post=793054451"},{"taxonomy":"product_tag","embeddable":true,"href":"https:\/\/autostil.ba\/maloprodaja\/wp-json\/wp\/v2\/product_tag?post=793054451"}],"curies":[{"name":"wp","href":"https:\/\/api.w.org\/{rel}","templated":true}]}}