{"id":793054445,"date":"2026-02-03T10:35:24","date_gmt":"2026-02-03T08:35:24","guid":{"rendered":"https:\/\/autostil.ba\/maloprodaja\/?post_type=product&#038;p=793054445"},"modified":"2026-04-08T12:47:34","modified_gmt":"2026-04-08T10:47:34","slug":"detailing-cetkica-x-brush-ultra-mekana","status":"publish","type":"product","link":"https:\/\/autostil.ba\/maloprodaja\/proizvod\/15244\/detailing-cetkica-x-brush-ultra-mekana\/","title":{"rendered":"DETAILING \u010cETKICA X-BRUSH ULTRA MEKANA"},"content":{"rendered":"","protected":false},"excerpt":{"rendered":"<p>X-BRUSH ULTRA SOFT je \u010detka s izuzetno mekim sinteti\u010dkim vlaknima koja sigurno \u010disti \u010dak i najosetljivije povr\u0161ine.<br \/>\nIdealna je za mokri i suhi rad, dose\u017eu\u0107i te\u0161ko dostupna mjesta. Otporna na hemikalije i rastvara\u010de, dobro funkcioni\u0161e s raznim sredstvima za \u010di\u0161\u0107enje. Ergonomska, neklizaju\u0107a dr\u0161ka osigurava udobnost i preciznost tokom upotrebe.<br \/>\nOvo je nezamjenjiv alat za detaljan rad koji zahtijeva nje\u017enost i efikasnost.<\/p>\n","protected":false},"featured_media":793054447,"comment_status":"open","ping_status":"closed","template":"","meta":{"_acf_changed":false,"inline_featured_image":false},"product_brand":[],"product_cat":[164],"product_tag":[],"class_list":{"0":"post-793054445","1":"product","2":"type-product","3":"status-publish","4":"has-post-thumbnail","6":"product_cat-car-detailing","8":"first","9":"instock","10":"taxable","11":"shipping-taxable","12":"purchasable","13":"product-type-simple"},"acf":[],"custom_product_id":"15244","_links":{"self":[{"href":"https:\/\/autostil.ba\/maloprodaja\/wp-json\/wp\/v2\/product\/793054445","targetHints":{"allow":["GET"]}}],"collection":[{"href":"https:\/\/autostil.ba\/maloprodaja\/wp-json\/wp\/v2\/product"}],"about":[{"href":"https:\/\/autostil.ba\/maloprodaja\/wp-json\/wp\/v2\/types\/product"}],"replies":[{"embeddable":true,"href":"https:\/\/autostil.ba\/maloprodaja\/wp-json\/wp\/v2\/comments?post=793054445"}],"version-history":[{"count":1,"href":"https:\/\/autostil.ba\/maloprodaja\/wp-json\/wp\/v2\/product\/793054445\/revisions"}],"predecessor-version":[{"id":793054446,"href":"https:\/\/autostil.ba\/maloprodaja\/wp-json\/wp\/v2\/product\/793054445\/revisions\/793054446"}],"wp:featuredmedia":[{"embeddable":true,"href":"https:\/\/autostil.ba\/maloprodaja\/wp-json\/wp\/v2\/media\/793054447"}],"wp:attachment":[{"href":"https:\/\/autostil.ba\/maloprodaja\/wp-json\/wp\/v2\/media?parent=793054445"}],"wp:term":[{"taxonomy":"product_brand","embeddable":true,"href":"https:\/\/autostil.ba\/maloprodaja\/wp-json\/wp\/v2\/product_brand?post=793054445"},{"taxonomy":"product_cat","embeddable":true,"href":"https:\/\/autostil.ba\/maloprodaja\/wp-json\/wp\/v2\/product_cat?post=793054445"},{"taxonomy":"product_tag","embeddable":true,"href":"https:\/\/autostil.ba\/maloprodaja\/wp-json\/wp\/v2\/product_tag?post=793054445"}],"curies":[{"name":"wp","href":"https:\/\/api.w.org\/{rel}","templated":true}]}}